{"id":1796,"date":"2024-05-27T08:33:08","date_gmt":"2024-05-27T08:33:08","guid":{"rendered":"https:\/\/capitalbalatro.com\/?page_id=1796"},"modified":"2024-11-01T09:21:55","modified_gmt":"2024-11-01T09:21:55","slug":"affiliate","status":"publish","type":"page","link":"https:\/\/capitalbalatro.com\/tr\/affiliate\/","title":{"rendered":"Affiliate"},"content":{"rendered":"<div data-elementor-type=\"wp-page\" data-elementor-id=\"1796\" class=\"elementor elementor-1796\" data-elementor-post-type=\"page\">\n\t\t\t\t\t\t<section class=\"elementor-section elementor-top-section elementor-element elementor-element-06f8425 elementor-section-boxed elementor-section-height-default elementor-section-height-default\" data-id=\"06f8425\" data-element_type=\"section\" data-settings=\"{&quot;background_background&quot;:&quot;classic&quot;}\">\n\t\t\t\t\t\t\t<div class=\"elementor-background-overlay\"><\/div>\n\t\t\t\t\t\t\t<div class=\"elementor-container elementor-column-gap-default\">\n\t\t\t\t\t<div class=\"elementor-column elementor-col-100 elementor-top-column elementor-element elementor-element-fae1ccc\" data-id=\"fae1ccc\" data-element_type=\"column\">\n\t\t\t<div class=\"elementor-widget-wrap elementor-element-populated\">\n\t\t\t\t\t\t<div class=\"elementor-element elementor-element-a2193e3 elementor-widget elementor-widget-spacer\" data-id=\"a2193e3\" data-element_type=\"widget\" data-widget_type=\"spacer.default\">\n\t\t\t\t<div class=\"elementor-widget-container\">\n\t\t\t\t\t\t\t<div class=\"elementor-spacer\">\n\t\t\t<div class=\"elementor-spacer-inner\"><\/div>\n\t\t<\/div>\n\t\t\t\t\t\t<\/div>\n\t\t\t\t<\/div>\n\t\t\t\t<div class=\"elementor-element elementor-element-cd42044 elementor-widget elementor-widget-spacer\" data-id=\"cd42044\" data-element_type=\"widget\" data-widget_type=\"spacer.default\">\n\t\t\t\t<div class=\"elementor-widget-container\">\n\t\t\t\t\t\t\t<div class=\"elementor-spacer\">\n\t\t\t<div class=\"elementor-spacer-inner\"><\/div>\n\t\t<\/div>\n\t\t\t\t\t\t<\/div>\n\t\t\t\t<\/div>\n\t\t\t\t\t<\/div>\n\t\t<\/div>\n\t\t\t\t\t<\/div>\n\t\t<\/section>\n\t\t\t\t<div class=\"elementor-section elementor-top-section elementor-element elementor-element-7bb9d166 elementor-section-boxed elementor-section-height-default elementor-section-height-default\" data-id=\"7bb9d166\" data-element_type=\"section\" data-settings=\"{&quot;background_background&quot;:&quot;classic&quot;}\">\n\t\t\t\t\t\t<div class=\"elementor-container elementor-column-gap-default\">\n\t\t\t\t\t<div class=\"elementor-column elementor-col-100 elementor-top-column elementor-element elementor-element-3fea9c85\" data-id=\"3fea9c85\" data-element_type=\"column\" data-settings=\"{&quot;background_background&quot;:&quot;classic&quot;}\">\n\t\t\t<div class=\"elementor-widget-wrap elementor-element-populated\">\n\t\t\t\t\t\t<div class=\"elementor-element elementor-element-6a96c5f9 elementor-widget__width-auto elementor-widget elementor-widget-heading\" data-id=\"6a96c5f9\" data-element_type=\"widget\" data-widget_type=\"heading.default\">\n\t\t\t\t<div class=\"elementor-widget-container\">\n\t\t\t\t\t<h5 class=\"elementor-heading-title elementor-size-default\">Yat\u0131r\u0131m Program\u0131\u2728<\/h5>\t\t\t\t<\/div>\n\t\t\t\t<\/div>\n\t\t\t\t<div class=\"elementor-element elementor-element-108596ed elementor-widget elementor-widget-spacer\" data-id=\"108596ed\" data-element_type=\"widget\" data-widget_type=\"spacer.default\">\n\t\t\t\t<div class=\"elementor-widget-container\">\n\t\t\t\t\t\t\t<div class=\"elementor-spacer\">\n\t\t\t<div class=\"elementor-spacer-inner\"><\/div>\n\t\t<\/div>\n\t\t\t\t\t\t<\/div>\n\t\t\t\t<\/div>\n\t\t\t\t<div class=\"elementor-element elementor-element-28011c1 elementor-widget elementor-widget-heading\" data-id=\"28011c1\" data-element_type=\"widget\" data-widget_type=\"heading.default\">\n\t\t\t\t<div class=\"elementor-widget-container\">\n\t\t\t\t\t<h2 class=\"elementor-heading-title elementor-size-default\">Bir Arkada\u015f\u0131n\u0131z\u0131 \u00d6nerin<\/h2>\t\t\t\t<\/div>\n\t\t\t\t<\/div>\n\t\t\t\t\t<\/div>\n\t\t<\/div>\n\t\t\t\t\t<\/div>\n\t\t<\/div>\n\t\t\t\t<div class=\"elementor-section elementor-top-section elementor-element elementor-element-251327b1 elementor-section-boxed elementor-section-height-default elementor-section-height-default\" data-id=\"251327b1\" data-element_type=\"section\" data-settings=\"{&quot;background_background&quot;:&quot;classic&quot;}\">\n\t\t\t\t\t\t\t<div class=\"elementor-background-overlay\"><\/div>\n\t\t\t\t\t\t\t<div class=\"elementor-container elementor-column-gap-default\">\n\t\t\t\t\t<div class=\"elementor-column elementor-col-100 elementor-top-column elementor-element elementor-element-3f1db94e\" data-id=\"3f1db94e\" data-element_type=\"column\">\n\t\t\t<div class=\"elementor-widget-wrap elementor-element-populated\">\n\t\t\t\t\t\t<section class=\"elementor-section elementor-inner-section elementor-element elementor-element-9549b0c elementor-section-boxed elementor-section-height-default elementor-section-height-default\" data-id=\"9549b0c\" data-element_type=\"section\">\n\t\t\t\t\t\t<div class=\"elementor-container elementor-column-gap-default\">\n\t\t\t\t\t<div class=\"elementor-column elementor-col-50 elementor-inner-column elementor-element elementor-element-52dfbf1\" data-id=\"52dfbf1\" data-element_type=\"column\">\n\t\t\t<div class=\"elementor-widget-wrap elementor-element-populated\">\n\t\t\t\t\t\t<div class=\"elementor-element elementor-element-333f5c8 elementor-widget elementor-widget-image\" data-id=\"333f5c8\" data-element_type=\"widget\" data-widget_type=\"image.default\">\n\t\t\t\t<div class=\"elementor-widget-container\">\n\t\t\t\t\t\t\t\t\t\t\t\t\t\t\t<img fetchpriority=\"high\" decoding=\"async\" width=\"1000\" height=\"715\" src=\"https:\/\/capitalbalatro.com\/wp-content\/uploads\/2024\/05\/refer-1024x732.jpg\" class=\"attachment-large size-large wp-image-1807\" alt=\"\" srcset=\"https:\/\/capitalbalatro.com\/wp-content\/uploads\/2024\/05\/refer-1024x732.jpg 1024w, https:\/\/capitalbalatro.com\/wp-content\/uploads\/2024\/05\/refer-300x214.jpg 300w, https:\/\/capitalbalatro.com\/wp-content\/uploads\/2024\/05\/refer-768x549.jpg 768w, https:\/\/capitalbalatro.com\/wp-content\/uploads\/2024\/05\/refer-1536x1097.jpg 1536w, https:\/\/capitalbalatro.com\/wp-content\/uploads\/2024\/05\/refer-18x12.jpg 18w, https:\/\/capitalbalatro.com\/wp-content\/uploads\/2024\/05\/refer-650x464.jpg 650w, https:\/\/capitalbalatro.com\/wp-content\/uploads\/2024\/05\/refer.jpg 2048w\" sizes=\"(max-width: 1000px) 100vw, 1000px\" \/>\t\t\t\t\t\t\t\t\t\t\t\t\t\t\t<\/div>\n\t\t\t\t<\/div>\n\t\t\t\t<div class=\"elementor-element elementor-element-8598fc3 elementor-widget elementor-widget-heading\" data-id=\"8598fc3\" data-element_type=\"widget\" data-widget_type=\"heading.default\">\n\t\t\t\t<div class=\"elementor-widget-container\">\n\t\t\t\t\t<h3 class=\"elementor-heading-title elementor-size-default\">Alt s\u0131ralar\u0131n\u0131z taraf\u0131ndan yap\u0131lan her para yat\u0131rma i\u015flemi, yat\u0131r\u0131m paketinde belirtildi\u011fi gibi kar\u015f\u0131l\u0131k gelen bir \u00f6d\u00fclle sonu\u00e7lanacakt\u0131r.<\/h3>\t\t\t\t<\/div>\n\t\t\t\t<\/div>\n\t\t\t\t\t<\/div>\n\t\t<\/div>\n\t\t\t\t<div class=\"elementor-column elementor-col-50 elementor-inner-column elementor-element elementor-element-a487168\" data-id=\"a487168\" data-element_type=\"column\">\n\t\t\t<div class=\"elementor-widget-wrap elementor-element-populated\">\n\t\t\t\t\t\t<div class=\"elementor-element elementor-element-5981524 elementor-widget elementor-widget-heading\" data-id=\"5981524\" data-element_type=\"widget\" data-widget_type=\"heading.default\">\n\t\t\t\t<div class=\"elementor-widget-container\">\n\t\t\t\t\t<h3 class=\"elementor-heading-title elementor-size-default\">Ortakl\u0131k Program\u0131m\u0131z<\/h3>\t\t\t\t<\/div>\n\t\t\t\t<\/div>\n\t\t\t\t<div class=\"elementor-element elementor-element-16d595f elementor-widget elementor-widget-text-editor\" data-id=\"16d595f\" data-element_type=\"widget\" data-widget_type=\"text-editor.default\">\n\t\t\t\t<div class=\"elementor-widget-container\">\n\t\t\t\t\t\t\t\t\t<p>\u015eirketin b\u00fcy\u00fcmesi, bir\u00e7o\u011fu daha \u00f6nce bizimle \u00e7al\u0131\u015fm\u0131\u015f olan ve g\u00fc\u00e7l\u00fc y\u00f6nlerimizi anlayan \u00f6zel m\u00fc\u015fterilerimizin ve ortaklar\u0131m\u0131z\u0131n deste\u011fi sayesinde m\u00fcmk\u00fcn olmu\u015ftur. Onlar\u0131n katk\u0131lar\u0131, i\u015f stratejimizi \u015fekillendirmemize ve g\u00fcven y\u00f6netimine yapt\u0131\u011f\u0131m\u0131z ilk yat\u0131r\u0131m\u0131 g\u00fcvence alt\u0131na almam\u0131za yard\u0131mc\u0131 oldu. Bug\u00fcn, herhangi bir m\u00fc\u015fteri de ortak olabilir ve \u201cArkada\u015f\u0131na Tavsiye Et\u201d program\u0131m\u0131z arac\u0131l\u0131\u011f\u0131yla kazanabilir. Kay\u0131t olduktan sonra, her kullan\u0131c\u0131ya kullan\u0131c\u0131 adlar\u0131n\u0131 i\u00e7eren benzersiz bir ortakl\u0131k ba\u011flant\u0131s\u0131 verilir. Bu ba\u011flant\u0131y\u0131 e-posta yoluyla arkada\u015flar\u0131n\u0131zla payla\u015fman\u0131z yeterlidir; t\u0131klad\u0131klar\u0131nda, kaydolduklar\u0131nda ve ilk i\u015flemlerini yapt\u0131klar\u0131nda sizin referans\u0131n\u0131z olurlar.<\/p>\t\t\t\t\t\t\t\t<\/div>\n\t\t\t\t<\/div>\n\t\t\t\t<div class=\"elementor-element elementor-element-8b26905 elementor-widget elementor-widget-text-editor\" data-id=\"8b26905\" data-element_type=\"widget\" data-widget_type=\"text-editor.default\">\n\t\t\t\t<div class=\"elementor-widget-container\">\n\t\t\t\t\t\t\t\t\t<p>Arkada\u015f\u0131n\u0131z ilk para yat\u0131rma i\u015flemini ger\u00e7ekle\u015ftirdi\u011finde, Arkada\u015f\u0131na Tavsiye Et \u00f6d\u00fcl\u00fcn\u00fcz hesab\u0131n\u0131za aktar\u0131l\u0131r ve size tutar\u0131 \u00e7ekme veya yeni bir yat\u0131r\u0131m i\u00e7in kullanma konusunda tam esneklik sa\u011flar. Bu \u201cbedava paradan\u201d yararlanmaya ba\u015flamak ve potansiyel kazan\u00e7lar olu\u015fturmak i\u00e7in, tavsiye ba\u011flant\u0131n\u0131z\u0131 arkada\u015flar\u0131n\u0131zla payla\u015fman\u0131z yeterlidir. Unutmay\u0131n, ki\u015fisel deneyim genellikle ba\u015far\u0131l\u0131 yat\u0131r\u0131m\u0131n en ikna edici kan\u0131t\u0131d\u0131r.<\/p>\t\t\t\t\t\t\t\t<\/div>\n\t\t\t\t<\/div>\n\t\t\t\t\t<\/div>\n\t\t<\/div>\n\t\t\t\t\t<\/div>\n\t\t<\/section>\n\t\t\t\t<div class=\"elementor-element elementor-element-b151674 elementor-widget elementor-widget-spacer\" data-id=\"b151674\" data-element_type=\"widget\" data-widget_type=\"spacer.default\">\n\t\t\t\t<div class=\"elementor-widget-container\">\n\t\t\t\t\t\t\t<div class=\"elementor-spacer\">\n\t\t\t<div class=\"elementor-spacer-inner\"><\/div>\n\t\t<\/div>\n\t\t\t\t\t\t<\/div>\n\t\t\t\t<\/div>\n\t\t\t\t\t<\/div>\n\t\t<\/div>\n\t\t\t\t\t<\/div>\n\t\t<\/div>\n\t\t\t\t<\/div>","protected":false},"excerpt":{"rendered":"<p>Investment Program\u2728 Refer a Friend Each deposit made by your downlines will result in a corresponding reward, as outlined in the investment [&hellip;]<\/p>","protected":false},"author":2,"featured_media":0,"parent":0,"menu_order":0,"comment_status":"closed","ping_status":"closed","template":"","meta":{"nf_dc_page":"","_monsterinsights_skip_tracking":false,"_monsterinsights_sitenote_active":false,"_monsterinsights_sitenote_note":"","_monsterinsights_sitenote_category":0,"footnotes":""},"class_list":["post-1796","page","type-page","status-publish","hentry"],"_links":{"self":[{"href":"https:\/\/capitalbalatro.com\/tr\/wp-json\/wp\/v2\/pages\/1796"}],"collection":[{"href":"https:\/\/capitalbalatro.com\/tr\/wp-json\/wp\/v2\/pages"}],"about":[{"href":"https:\/\/capitalbalatro.com\/tr\/wp-json\/wp\/v2\/types\/page"}],"author":[{"embeddable":true,"href":"https:\/\/capitalbalatro.com\/tr\/wp-json\/wp\/v2\/users\/2"}],"replies":[{"embeddable":true,"href":"https:\/\/capitalbalatro.com\/tr\/wp-json\/wp\/v2\/comments?post=1796"}],"version-history":[{"count":8,"href":"https:\/\/capitalbalatro.com\/tr\/wp-json\/wp\/v2\/pages\/1796\/revisions"}],"predecessor-version":[{"id":2113,"href":"https:\/\/capitalbalatro.com\/tr\/wp-json\/wp\/v2\/pages\/1796\/revisions\/2113"}],"wp:attachment":[{"href":"https:\/\/capitalbalatro.com\/tr\/wp-json\/wp\/v2\/media?parent=1796"}],"curies":[{"name":"wp","href":"https:\/\/api.w.org\/{rel}","templated":true}]}}