{"id":1741,"date":"2024-05-24T08:13:47","date_gmt":"2024-05-24T08:13:47","guid":{"rendered":"https:\/\/capitalbalatro.com\/?page_id=1741"},"modified":"2024-10-31T16:50:11","modified_gmt":"2024-10-31T16:50:11","slug":"bond-market","status":"publish","type":"page","link":"https:\/\/capitalbalatro.com\/tr\/bond-market\/","title":{"rendered":"Bono Piyasas\u0131"},"content":{"rendered":"<div data-elementor-type=\"wp-page\" data-elementor-id=\"1741\" class=\"elementor elementor-1741\" data-elementor-post-type=\"page\">\n\t\t\t\t\t\t<section class=\"elementor-section elementor-top-section elementor-element elementor-element-06f8425 elementor-section-boxed elementor-section-height-default elementor-section-height-default\" data-id=\"06f8425\" data-element_type=\"section\" data-settings=\"{&quot;background_background&quot;:&quot;classic&quot;}\">\n\t\t\t\t\t\t\t<div class=\"elementor-background-overlay\"><\/div>\n\t\t\t\t\t\t\t<div class=\"elementor-container elementor-column-gap-default\">\n\t\t\t\t\t<div class=\"elementor-column elementor-col-100 elementor-top-column elementor-element elementor-element-fae1ccc\" data-id=\"fae1ccc\" data-element_type=\"column\">\n\t\t\t<div class=\"elementor-widget-wrap elementor-element-populated\">\n\t\t\t\t\t\t<div class=\"elementor-element elementor-element-a2193e3 elementor-widget elementor-widget-spacer\" data-id=\"a2193e3\" data-element_type=\"widget\" data-widget_type=\"spacer.default\">\n\t\t\t\t<div class=\"elementor-widget-container\">\n\t\t\t\t\t\t\t<div class=\"elementor-spacer\">\n\t\t\t<div class=\"elementor-spacer-inner\"><\/div>\n\t\t<\/div>\n\t\t\t\t\t\t<\/div>\n\t\t\t\t<\/div>\n\t\t\t\t<div class=\"elementor-element elementor-element-cd42044 elementor-widget elementor-widget-spacer\" data-id=\"cd42044\" data-element_type=\"widget\" data-widget_type=\"spacer.default\">\n\t\t\t\t<div class=\"elementor-widget-container\">\n\t\t\t\t\t\t\t<div class=\"elementor-spacer\">\n\t\t\t<div class=\"elementor-spacer-inner\"><\/div>\n\t\t<\/div>\n\t\t\t\t\t\t<\/div>\n\t\t\t\t<\/div>\n\t\t\t\t\t<\/div>\n\t\t<\/div>\n\t\t\t\t\t<\/div>\n\t\t<\/section>\n\t\t\t\t<div class=\"elementor-section elementor-top-section elementor-element elementor-element-7bb9d166 elementor-section-boxed elementor-section-height-default elementor-section-height-default\" data-id=\"7bb9d166\" data-element_type=\"section\" data-settings=\"{&quot;background_background&quot;:&quot;classic&quot;}\">\n\t\t\t\t\t\t<div class=\"elementor-container elementor-column-gap-default\">\n\t\t\t\t\t<div class=\"elementor-column elementor-col-100 elementor-top-column elementor-element elementor-element-3fea9c85\" data-id=\"3fea9c85\" data-element_type=\"column\" data-settings=\"{&quot;background_background&quot;:&quot;classic&quot;}\">\n\t\t\t<div class=\"elementor-widget-wrap elementor-element-populated\">\n\t\t\t\t\t\t<div class=\"elementor-element elementor-element-6a96c5f9 elementor-widget__width-auto elementor-widget elementor-widget-heading\" data-id=\"6a96c5f9\" data-element_type=\"widget\" data-widget_type=\"heading.default\">\n\t\t\t\t<div class=\"elementor-widget-container\">\n\t\t\t\t\t<h5 class=\"elementor-heading-title elementor-size-default\">Business Spectrum\u2728<\/h5>\t\t\t\t<\/div>\n\t\t\t\t<\/div>\n\t\t\t\t<div class=\"elementor-element elementor-element-108596ed elementor-widget elementor-widget-spacer\" data-id=\"108596ed\" data-element_type=\"widget\" data-widget_type=\"spacer.default\">\n\t\t\t\t<div class=\"elementor-widget-container\">\n\t\t\t\t\t\t\t<div class=\"elementor-spacer\">\n\t\t\t<div class=\"elementor-spacer-inner\"><\/div>\n\t\t<\/div>\n\t\t\t\t\t\t<\/div>\n\t\t\t\t<\/div>\n\t\t\t\t<div class=\"elementor-element elementor-element-28011c1 elementor-widget elementor-widget-heading\" data-id=\"28011c1\" data-element_type=\"widget\" data-widget_type=\"heading.default\">\n\t\t\t\t<div class=\"elementor-widget-container\">\n\t\t\t\t\t<h2 class=\"elementor-heading-title elementor-size-default\">BOND<\/h2>\t\t\t\t<\/div>\n\t\t\t\t<\/div>\n\t\t\t\t\t<\/div>\n\t\t<\/div>\n\t\t\t\t\t<\/div>\n\t\t<\/div>\n\t\t\t\t<div class=\"elementor-section elementor-top-section elementor-element elementor-element-251327b1 elementor-section-boxed elementor-section-height-default elementor-section-height-default\" data-id=\"251327b1\" data-element_type=\"section\" data-settings=\"{&quot;background_background&quot;:&quot;classic&quot;}\">\n\t\t\t\t\t\t\t<div class=\"elementor-background-overlay\"><\/div>\n\t\t\t\t\t\t\t<div class=\"elementor-container elementor-column-gap-default\">\n\t\t\t\t\t<div class=\"elementor-column elementor-col-100 elementor-top-column elementor-element elementor-element-3f1db94e\" data-id=\"3f1db94e\" data-element_type=\"column\">\n\t\t\t<div class=\"elementor-widget-wrap elementor-element-populated\">\n\t\t\t\t\t\t<section class=\"elementor-section elementor-inner-section elementor-element elementor-element-9549b0c elementor-section-boxed elementor-section-height-default elementor-section-height-default\" data-id=\"9549b0c\" data-element_type=\"section\">\n\t\t\t\t\t\t<div class=\"elementor-container elementor-column-gap-default\">\n\t\t\t\t\t<div class=\"elementor-column elementor-col-50 elementor-inner-column elementor-element elementor-element-52dfbf1\" data-id=\"52dfbf1\" data-element_type=\"column\">\n\t\t\t<div class=\"elementor-widget-wrap elementor-element-populated\">\n\t\t\t\t\t\t<div class=\"elementor-element elementor-element-333f5c8 elementor-widget elementor-widget-image\" data-id=\"333f5c8\" data-element_type=\"widget\" data-widget_type=\"image.default\">\n\t\t\t\t<div class=\"elementor-widget-container\">\n\t\t\t\t\t\t\t\t\t\t\t\t\t\t\t<img fetchpriority=\"high\" decoding=\"async\" width=\"1000\" height=\"707\" src=\"https:\/\/capitalbalatro.com\/wp-content\/uploads\/2024\/05\/bond-2.jpg\" class=\"attachment-1536x1536 size-1536x1536 wp-image-1744\" alt=\"\" srcset=\"https:\/\/capitalbalatro.com\/wp-content\/uploads\/2024\/05\/bond-2.jpg 1000w, https:\/\/capitalbalatro.com\/wp-content\/uploads\/2024\/05\/bond-2-300x212.jpg 300w, https:\/\/capitalbalatro.com\/wp-content\/uploads\/2024\/05\/bond-2-768x543.jpg 768w, https:\/\/capitalbalatro.com\/wp-content\/uploads\/2024\/05\/bond-2-18x12.jpg 18w, https:\/\/capitalbalatro.com\/wp-content\/uploads\/2024\/05\/bond-2-650x460.jpg 650w\" sizes=\"(max-width: 1000px) 100vw, 1000px\" \/>\t\t\t\t\t\t\t\t\t\t\t\t\t\t\t<\/div>\n\t\t\t\t<\/div>\n\t\t\t\t<div class=\"elementor-element elementor-element-988295a elementor-widget elementor-widget-spacer\" data-id=\"988295a\" data-element_type=\"widget\" data-widget_type=\"spacer.default\">\n\t\t\t\t<div class=\"elementor-widget-container\">\n\t\t\t\t\t\t\t<div class=\"elementor-spacer\">\n\t\t\t<div class=\"elementor-spacer-inner\"><\/div>\n\t\t<\/div>\n\t\t\t\t\t\t<\/div>\n\t\t\t\t<\/div>\n\t\t\t\t\t<\/div>\n\t\t<\/div>\n\t\t\t\t<div class=\"elementor-column elementor-col-50 elementor-inner-column elementor-element elementor-element-a487168\" data-id=\"a487168\" data-element_type=\"column\">\n\t\t\t<div class=\"elementor-widget-wrap elementor-element-populated\">\n\t\t\t\t\t\t<div class=\"elementor-element elementor-element-5981524 elementor-widget elementor-widget-heading\" data-id=\"5981524\" data-element_type=\"widget\" data-widget_type=\"heading.default\">\n\t\t\t\t<div class=\"elementor-widget-container\">\n\t\t\t\t\t<h3 class=\"elementor-heading-title elementor-size-default\">Nitelikli yat\u0131r\u0131mc\u0131lar i\u00e7in<\/h3>\t\t\t\t<\/div>\n\t\t\t\t<\/div>\n\t\t\t\t<div class=\"elementor-element elementor-element-16d595f elementor-widget elementor-widget-text-editor\" data-id=\"16d595f\" data-element_type=\"widget\" data-widget_type=\"text-editor.default\">\n\t\t\t\t<div class=\"elementor-widget-container\">\n\t\t\t\t\t\t\t\t\t<p>Tahvil stratejiniz dalgal\u0131 bir piyasa i\u00e7in mi olu\u015fturuldu?<\/p><p>Mevcut d\u00fc\u015f\u00fck getiri ve getiri ortam\u0131nda, her dolar \u00f6nemlidir. \u0130ster emekli olun ister daha iyi bir gelece\u011fi g\u00fcvence alt\u0131na almak i\u00e7in yat\u0131r\u0131m yap\u0131n, hedeflerinize ula\u015fmak i\u00e7in g\u00fcvenilir performans ve minimum \u00fccrete sahip olmak \u00e7ok \u00f6nemlidir.<\/p>\t\t\t\t\t\t\t\t<\/div>\n\t\t\t\t<\/div>\n\t\t\t\t\t<\/div>\n\t\t<\/div>\n\t\t\t\t\t<\/div>\n\t\t<\/section>\n\t\t\t\t<div class=\"elementor-element elementor-element-b151674 elementor-widget elementor-widget-spacer\" data-id=\"b151674\" data-element_type=\"widget\" data-widget_type=\"spacer.default\">\n\t\t\t\t<div class=\"elementor-widget-container\">\n\t\t\t\t\t\t\t<div class=\"elementor-spacer\">\n\t\t\t<div class=\"elementor-spacer-inner\"><\/div>\n\t\t<\/div>\n\t\t\t\t\t\t<\/div>\n\t\t\t\t<\/div>\n\t\t\t\t<div class=\"elementor-element elementor-element-e7497c3 elementor-widget elementor-widget-heading\" data-id=\"e7497c3\" data-element_type=\"widget\" data-widget_type=\"heading.default\">\n\t\t\t\t<div class=\"elementor-widget-container\">\n\t\t\t\t\t<h2 class=\"elementor-heading-title elementor-size-default\">G\u00fcn\u00fcm\u00fcz\u00fcn sabit gelirli zorluklar\u0131 nelerdir?<\/h2>\t\t\t\t<\/div>\n\t\t\t\t<\/div>\n\t\t\t\t<div class=\"elementor-element elementor-element-e340a00 elementor-widget elementor-widget-text-editor\" data-id=\"e340a00\" data-element_type=\"widget\" data-widget_type=\"text-editor.default\">\n\t\t\t\t<div class=\"elementor-widget-container\">\n\t\t\t\t\t\t\t\t\t<p>Ge\u00e7mi\u015fte etkili olan \u015feyler, bug\u00fcn kar\u015f\u0131la\u015ft\u0131\u011f\u0131m\u0131z zorluklar nedeniyle gelecekteki ko\u015fullar i\u00e7in uygun olmayabilir. Bu sorunlar\u0131 ele alan bir tahvil stratejisi uygulamay\u0131 d\u00fc\u015f\u00fcn\u00fcn:<\/p>\t\t\t\t\t\t\t\t<\/div>\n\t\t\t\t<\/div>\n\t\t\t\t<div class=\"elementor-element elementor-element-60eaff5 elementor-widget elementor-widget-spacer\" data-id=\"60eaff5\" data-element_type=\"widget\" data-widget_type=\"spacer.default\">\n\t\t\t\t<div class=\"elementor-widget-container\">\n\t\t\t\t\t\t\t<div class=\"elementor-spacer\">\n\t\t\t<div class=\"elementor-spacer-inner\"><\/div>\n\t\t<\/div>\n\t\t\t\t\t\t<\/div>\n\t\t\t\t<\/div>\n\t\t\t\t<section class=\"elementor-section elementor-inner-section elementor-element elementor-element-b586a8a elementor-section-boxed elementor-section-height-default elementor-section-height-default\" data-id=\"b586a8a\" data-element_type=\"section\">\n\t\t\t\t\t\t<div class=\"elementor-container elementor-column-gap-default\">\n\t\t\t\t\t<div class=\"elementor-column elementor-col-33 elementor-inner-column elementor-element elementor-element-e24ec9c\" data-id=\"e24ec9c\" data-element_type=\"column\">\n\t\t\t<div class=\"elementor-widget-wrap elementor-element-populated\">\n\t\t\t\t\t\t<div class=\"elementor-element elementor-element-2d0c7f0 elementor-widget elementor-widget-heading\" data-id=\"2d0c7f0\" data-element_type=\"widget\" data-widget_type=\"heading.default\">\n\t\t\t\t<div class=\"elementor-widget-container\">\n\t\t\t\t\t<h3 class=\"elementor-heading-title elementor-size-default\">Daha y\u00fcksek volatilite<\/h3>\t\t\t\t<\/div>\n\t\t\t\t<\/div>\n\t\t\t\t<div class=\"elementor-element elementor-element-4410ed7 elementor-widget elementor-widget-text-editor\" data-id=\"4410ed7\" data-element_type=\"widget\" data-widget_type=\"text-editor.default\">\n\t\t\t\t<div class=\"elementor-widget-container\">\n\t\t\t\t\t\t\t\t\t<p>Likiditenin azald\u0131\u011f\u0131 mevcut ortam, parasal geni\u015flemenin sona ermesi ve ekonomik belirsizlik yeni piyasa zay\u0131fl\u0131klar\u0131n\u0131 ortaya \u00e7\u0131kar\u0131yor. Sabit gelirli bir...<\/p>\t\t\t\t\t\t\t\t<\/div>\n\t\t\t\t<\/div>\n\t\t\t\t\t<\/div>\n\t\t<\/div>\n\t\t\t\t<div class=\"elementor-column elementor-col-33 elementor-inner-column elementor-element elementor-element-723562c\" data-id=\"723562c\" data-element_type=\"column\">\n\t\t\t<div class=\"elementor-widget-wrap elementor-element-populated\">\n\t\t\t\t\t\t<div class=\"elementor-element elementor-element-b36e0d3 elementor-widget elementor-widget-heading\" data-id=\"b36e0d3\" data-element_type=\"widget\" data-widget_type=\"heading.default\">\n\t\t\t\t<div class=\"elementor-widget-container\">\n\t\t\t\t\t<h3 class=\"elementor-heading-title elementor-size-default\">\nDe\u011fi\u015fen tahvil piyasalar\u0131nda gezinme<\/h3>\t\t\t\t<\/div>\n\t\t\t\t<\/div>\n\t\t\t\t<div class=\"elementor-element elementor-element-efa01a0 elementor-widget elementor-widget-text-editor\" data-id=\"efa01a0\" data-element_type=\"widget\" data-widget_type=\"text-editor.default\">\n\t\t\t\t<div class=\"elementor-widget-container\">\n\t\t\t\t\t\t\t\t\t<p>G\u00fcn\u00fcm\u00fcz\u00fcn h\u0131zla geli\u015fen ve \u00f6ng\u00f6r\u00fclemeyen ortam\u0131nda, yat\u0131r\u0131mc\u0131lar de\u011fi\u015fen manzaraya uyum sa\u011flayabilecek \u00e7e\u015fitli fon se\u00e7eneklerine ihtiya\u00e7 duymaktad\u0131r. Piyasadaki dalgalanmalar f\u0131rsatlar sunabilir...<\/p>\t\t\t\t\t\t\t\t<\/div>\n\t\t\t\t<\/div>\n\t\t\t\t\t<\/div>\n\t\t<\/div>\n\t\t\t\t<div class=\"elementor-column elementor-col-33 elementor-inner-column elementor-element elementor-element-2ecf214\" data-id=\"2ecf214\" data-element_type=\"column\">\n\t\t\t<div class=\"elementor-widget-wrap elementor-element-populated\">\n\t\t\t\t\t\t<div class=\"elementor-element elementor-element-f5fb141 elementor-widget elementor-widget-heading\" data-id=\"f5fb141\" data-element_type=\"widget\" data-widget_type=\"heading.default\">\n\t\t\t\t<div class=\"elementor-widget-container\">\n\t\t\t\t\t<h3 class=\"elementor-heading-title elementor-size-default\">Daha geni\u015f bir f\u0131rsat setine eri\u015fin<\/h3>\t\t\t\t<\/div>\n\t\t\t\t<\/div>\n\t\t\t\t<div class=\"elementor-element elementor-element-b3670d7 elementor-widget elementor-widget-text-editor\" data-id=\"b3670d7\" data-element_type=\"widget\" data-widget_type=\"text-editor.default\">\n\t\t\t\t<div class=\"elementor-widget-container\">\n\t\t\t\t\t\t\t\t\t<p>K\u00fcresel b\u00fcy\u00fcme, para politikas\u0131 ve sabit gelir performans\u0131ndaki de\u011fi\u015fkenlikler g\u00f6z \u00f6n\u00fcne al\u0131nd\u0131\u011f\u0131nda, k\u00fcresel bir tahvil portf\u00f6y\u00fcne yat\u0131r\u0131m yapmak, getiri ve temett\u00fc elde etmek i\u00e7in daha fazla f\u0131rsat sunabilir...<\/p>\t\t\t\t\t\t\t\t<\/div>\n\t\t\t\t<\/div>\n\t\t\t\t\t<\/div>\n\t\t<\/div>\n\t\t\t\t\t<\/div>\n\t\t<\/section>\n\t\t\t\t<div class=\"elementor-element elementor-element-6bf6263 elementor-widget elementor-widget-spacer\" data-id=\"6bf6263\" data-element_type=\"widget\" data-widget_type=\"spacer.default\">\n\t\t\t\t<div class=\"elementor-widget-container\">\n\t\t\t\t\t\t\t<div class=\"elementor-spacer\">\n\t\t\t<div class=\"elementor-spacer-inner\"><\/div>\n\t\t<\/div>\n\t\t\t\t\t\t<\/div>\n\t\t\t\t<\/div>\n\t\t\t\t<div class=\"elementor-element elementor-element-66562e7 elementor-widget elementor-widget-heading\" data-id=\"66562e7\" data-element_type=\"widget\" data-widget_type=\"heading.default\">\n\t\t\t\t<div class=\"elementor-widget-container\">\n\t\t\t\t\t<h2 class=\"elementor-heading-title elementor-size-default\">Tahvil De\u011ferleme<\/h2>\t\t\t\t<\/div>\n\t\t\t\t<\/div>\n\t\t\t\t<div class=\"elementor-element elementor-element-08d9457 elementor-widget elementor-widget-text-editor\" data-id=\"08d9457\" data-element_type=\"widget\" data-widget_type=\"text-editor.default\">\n\t\t\t\t<div class=\"elementor-widget-container\">\n\t\t\t\t\t\t\t\t\t<p>Balatro, belirli bir tahvilin teorik ger\u00e7e\u011fe uygun de\u011ferini tespit etmek i\u00e7in bir y\u00f6ntem olarak tahvil de\u011ferlemesini kullan\u0131r. Bu s\u00fcre\u00e7, bir tahvilin nakit ak\u0131\u015f\u0131 olarak bilinen gelecekteki faiz \u00f6demelerinin bug\u00fcnk\u00fc de\u011ferinin yan\u0131 s\u0131ra tahvilin nominal de\u011feri veya nominal de\u011feri olarak adland\u0131r\u0131lan vade sonundaki nihai de\u011ferinin hesaplanmas\u0131n\u0131 i\u00e7erir. Bir tahvilin hem nominal de\u011feri hem de faiz \u00f6demeleri sabit oldu\u011fundan, yat\u0131r\u0131mc\u0131lar tahvil yat\u0131r\u0131m\u0131n\u0131n de\u011ferli say\u0131lmas\u0131 i\u00e7in gerekli getiri oran\u0131n\u0131 belirlemek i\u00e7in tahvil de\u011ferlemesini kullan\u0131rlar.<\/p>\t\t\t\t\t\t\t\t<\/div>\n\t\t\t\t<\/div>\n\t\t\t\t<div class=\"elementor-element elementor-element-0eec1a8 elementor-widget elementor-widget-spacer\" data-id=\"0eec1a8\" data-element_type=\"widget\" data-widget_type=\"spacer.default\">\n\t\t\t\t<div class=\"elementor-widget-container\">\n\t\t\t\t\t\t\t<div class=\"elementor-spacer\">\n\t\t\t<div class=\"elementor-spacer-inner\"><\/div>\n\t\t<\/div>\n\t\t\t\t\t\t<\/div>\n\t\t\t\t<\/div>\n\t\t\t\t<div class=\"elementor-element elementor-element-65d8743 elementor-widget elementor-widget-heading\" data-id=\"65d8743\" data-element_type=\"widget\" data-widget_type=\"heading.default\">\n\t\t\t\t<div class=\"elementor-widget-container\">\n\t\t\t\t\t<h2 class=\"elementor-heading-title elementor-size-default\">Peki ben paramla ne yapaca\u011f\u0131m?<\/h2>\t\t\t\t<\/div>\n\t\t\t\t<\/div>\n\t\t\t\t<div class=\"elementor-element elementor-element-a2b0d44 elementor-widget elementor-widget-text-editor\" data-id=\"a2b0d44\" data-element_type=\"widget\" data-widget_type=\"text-editor.default\">\n\t\t\t\t<div class=\"elementor-widget-container\">\n\t\t\t\t\t\t\t\t\t<p>Daha uyarlanabilir ve daha az k\u0131s\u0131tlay\u0131c\u0131 stratejilere yat\u0131r\u0131m yapmay\u0131 d\u00fc\u015f\u00fcnmek i\u00e7in do\u011fru zaman olabilir. Bu stratejiler, f\u0131rsatlar i\u00e7in t\u00fcm k\u00fcresel sabit gelir piyasas\u0131n\u0131 tarayabilmeli ve geli\u015fen piyasa ko\u015fullar\u0131na h\u0131zla uyum sa\u011flayabilmelidir. Balatro'nun k\u0131s\u0131tlamas\u0131z tahvil fonlar\u0131 se\u00e7imi, firman\u0131n d\u00fcnya \u00e7ap\u0131ndaki sabit gelir uzmanlar\u0131ndan olu\u015fan geni\u015f a\u011f\u0131n\u0131n yan\u0131 s\u0131ra kendine \u00f6zg\u00fc risk y\u00f6netimi becerilerinden ve di\u011fer y\u00f6neticilerin \u00e7o\u011funun eri\u015femedi\u011fi i\u00e7g\u00f6r\u00fclere, bilgilere ve yat\u0131r\u0131m f\u0131rsatlar\u0131na eri\u015fiminden yararlan\u0131r.<\/p>\t\t\t\t\t\t\t\t<\/div>\n\t\t\t\t<\/div>\n\t\t\t\t\t<\/div>\n\t\t<\/div>\n\t\t\t\t\t<\/div>\n\t\t<\/div>\n\t\t\t\t<\/div>","protected":false},"excerpt":{"rendered":"<p>Business Spectrum\u2728 BOND For qualified investors Is your bond strategy built for a choppy market? In the current environment of low yields [&hellip;]<\/p>","protected":false},"author":2,"featured_media":0,"parent":0,"menu_order":0,"comment_status":"closed","ping_status":"closed","template":"","meta":{"nf_dc_page":"","_monsterinsights_skip_tracking":false,"_monsterinsights_sitenote_active":false,"_monsterinsights_sitenote_note":"","_monsterinsights_sitenote_category":0,"footnotes":""},"class_list":["post-1741","page","type-page","status-publish","hentry"],"_links":{"self":[{"href":"https:\/\/capitalbalatro.com\/tr\/wp-json\/wp\/v2\/pages\/1741"}],"collection":[{"href":"https:\/\/capitalbalatro.com\/tr\/wp-json\/wp\/v2\/pages"}],"about":[{"href":"https:\/\/capitalbalatro.com\/tr\/wp-json\/wp\/v2\/types\/page"}],"author":[{"embeddable":true,"href":"https:\/\/capitalbalatro.com\/tr\/wp-json\/wp\/v2\/users\/2"}],"replies":[{"embeddable":true,"href":"https:\/\/capitalbalatro.com\/tr\/wp-json\/wp\/v2\/comments?post=1741"}],"version-history":[{"count":8,"href":"https:\/\/capitalbalatro.com\/tr\/wp-json\/wp\/v2\/pages\/1741\/revisions"}],"predecessor-version":[{"id":2103,"href":"https:\/\/capitalbalatro.com\/tr\/wp-json\/wp\/v2\/pages\/1741\/revisions\/2103"}],"wp:attachment":[{"href":"https:\/\/capitalbalatro.com\/tr\/wp-json\/wp\/v2\/media?parent=1741"}],"curies":[{"name":"wp","href":"https:\/\/api.w.org\/{rel}","templated":true}]}}