{"id":1731,"date":"2024-05-24T08:00:27","date_gmt":"2024-05-24T08:00:27","guid":{"rendered":"https:\/\/capitalbalatro.com\/?page_id=1731"},"modified":"2024-11-01T09:28:18","modified_gmt":"2024-11-01T09:28:18","slug":"forex","status":"publish","type":"page","link":"https:\/\/capitalbalatro.com\/tr\/forex\/","title":{"rendered":"Forex"},"content":{"rendered":"<div data-elementor-type=\"wp-page\" data-elementor-id=\"1731\" class=\"elementor elementor-1731\" data-elementor-post-type=\"page\">\n\t\t\t\t\t\t<section class=\"elementor-section elementor-top-section elementor-element elementor-element-06f8425 elementor-section-boxed elementor-section-height-default elementor-section-height-default\" data-id=\"06f8425\" data-element_type=\"section\" data-settings=\"{&quot;background_background&quot;:&quot;classic&quot;}\">\n\t\t\t\t\t\t\t<div class=\"elementor-background-overlay\"><\/div>\n\t\t\t\t\t\t\t<div class=\"elementor-container elementor-column-gap-default\">\n\t\t\t\t\t<div class=\"elementor-column elementor-col-100 elementor-top-column elementor-element elementor-element-fae1ccc\" data-id=\"fae1ccc\" data-element_type=\"column\">\n\t\t\t<div class=\"elementor-widget-wrap elementor-element-populated\">\n\t\t\t\t\t\t<div class=\"elementor-element elementor-element-a2193e3 elementor-widget elementor-widget-spacer\" data-id=\"a2193e3\" data-element_type=\"widget\" data-widget_type=\"spacer.default\">\n\t\t\t\t<div class=\"elementor-widget-container\">\n\t\t\t\t\t\t\t<div class=\"elementor-spacer\">\n\t\t\t<div class=\"elementor-spacer-inner\"><\/div>\n\t\t<\/div>\n\t\t\t\t\t\t<\/div>\n\t\t\t\t<\/div>\n\t\t\t\t<div class=\"elementor-element elementor-element-cd42044 elementor-widget elementor-widget-spacer\" data-id=\"cd42044\" data-element_type=\"widget\" data-widget_type=\"spacer.default\">\n\t\t\t\t<div class=\"elementor-widget-container\">\n\t\t\t\t\t\t\t<div class=\"elementor-spacer\">\n\t\t\t<div class=\"elementor-spacer-inner\"><\/div>\n\t\t<\/div>\n\t\t\t\t\t\t<\/div>\n\t\t\t\t<\/div>\n\t\t\t\t\t<\/div>\n\t\t<\/div>\n\t\t\t\t\t<\/div>\n\t\t<\/section>\n\t\t\t\t<div class=\"elementor-section elementor-top-section elementor-element elementor-element-7bb9d166 elementor-section-boxed elementor-section-height-default elementor-section-height-default\" data-id=\"7bb9d166\" data-element_type=\"section\" data-settings=\"{&quot;background_background&quot;:&quot;classic&quot;}\">\n\t\t\t\t\t\t<div class=\"elementor-container elementor-column-gap-default\">\n\t\t\t\t\t<div class=\"elementor-column elementor-col-100 elementor-top-column elementor-element elementor-element-3fea9c85\" data-id=\"3fea9c85\" data-element_type=\"column\" data-settings=\"{&quot;background_background&quot;:&quot;classic&quot;}\">\n\t\t\t<div class=\"elementor-widget-wrap elementor-element-populated\">\n\t\t\t\t\t\t<div class=\"elementor-element elementor-element-6a96c5f9 elementor-widget__width-auto elementor-widget elementor-widget-heading\" data-id=\"6a96c5f9\" data-element_type=\"widget\" data-widget_type=\"heading.default\">\n\t\t\t\t<div class=\"elementor-widget-container\">\n\t\t\t\t\t<h5 class=\"elementor-heading-title elementor-size-default\">Business Spectrum\u2728<\/h5>\t\t\t\t<\/div>\n\t\t\t\t<\/div>\n\t\t\t\t<div class=\"elementor-element elementor-element-108596ed elementor-widget elementor-widget-spacer\" data-id=\"108596ed\" data-element_type=\"widget\" data-widget_type=\"spacer.default\">\n\t\t\t\t<div class=\"elementor-widget-container\">\n\t\t\t\t\t\t\t<div class=\"elementor-spacer\">\n\t\t\t<div class=\"elementor-spacer-inner\"><\/div>\n\t\t<\/div>\n\t\t\t\t\t\t<\/div>\n\t\t\t\t<\/div>\n\t\t\t\t<div class=\"elementor-element elementor-element-28011c1 elementor-widget elementor-widget-heading\" data-id=\"28011c1\" data-element_type=\"widget\" data-widget_type=\"heading.default\">\n\t\t\t\t<div class=\"elementor-widget-container\">\n\t\t\t\t\t<h2 class=\"elementor-heading-title elementor-size-default\">FOREX<\/h2>\t\t\t\t<\/div>\n\t\t\t\t<\/div>\n\t\t\t\t\t<\/div>\n\t\t<\/div>\n\t\t\t\t\t<\/div>\n\t\t<\/div>\n\t\t\t\t<div class=\"elementor-section elementor-top-section elementor-element elementor-element-251327b1 elementor-section-boxed elementor-section-height-default elementor-section-height-default\" data-id=\"251327b1\" data-element_type=\"section\" data-settings=\"{&quot;background_background&quot;:&quot;classic&quot;}\">\n\t\t\t\t\t\t\t<div class=\"elementor-background-overlay\"><\/div>\n\t\t\t\t\t\t\t<div class=\"elementor-container elementor-column-gap-default\">\n\t\t\t\t\t<div class=\"elementor-column elementor-col-100 elementor-top-column elementor-element elementor-element-3f1db94e\" data-id=\"3f1db94e\" data-element_type=\"column\">\n\t\t\t<div class=\"elementor-widget-wrap elementor-element-populated\">\n\t\t\t\t\t\t<section class=\"elementor-section elementor-inner-section elementor-element elementor-element-9549b0c elementor-section-boxed elementor-section-height-default elementor-section-height-default\" data-id=\"9549b0c\" data-element_type=\"section\">\n\t\t\t\t\t\t<div class=\"elementor-container elementor-column-gap-default\">\n\t\t\t\t\t<div class=\"elementor-column elementor-col-50 elementor-inner-column elementor-element elementor-element-52dfbf1\" data-id=\"52dfbf1\" data-element_type=\"column\">\n\t\t\t<div class=\"elementor-widget-wrap elementor-element-populated\">\n\t\t\t\t\t\t<div class=\"elementor-element elementor-element-333f5c8 elementor-widget elementor-widget-image\" data-id=\"333f5c8\" data-element_type=\"widget\" data-widget_type=\"image.default\">\n\t\t\t\t<div class=\"elementor-widget-container\">\n\t\t\t\t\t\t\t\t\t\t\t\t\t\t\t<img fetchpriority=\"high\" decoding=\"async\" width=\"612\" height=\"336\" src=\"https:\/\/capitalbalatro.com\/wp-content\/uploads\/2024\/05\/001.jpg\" class=\"attachment-1536x1536 size-1536x1536 wp-image-1735\" alt=\"\" srcset=\"https:\/\/capitalbalatro.com\/wp-content\/uploads\/2024\/05\/001.jpg 612w, https:\/\/capitalbalatro.com\/wp-content\/uploads\/2024\/05\/001-300x165.jpg 300w, https:\/\/capitalbalatro.com\/wp-content\/uploads\/2024\/05\/001-18x10.jpg 18w\" sizes=\"(max-width: 612px) 100vw, 612px\" \/>\t\t\t\t\t\t\t\t\t\t\t\t\t\t\t<\/div>\n\t\t\t\t<\/div>\n\t\t\t\t<div class=\"elementor-element elementor-element-988295a elementor-widget elementor-widget-spacer\" data-id=\"988295a\" data-element_type=\"widget\" data-widget_type=\"spacer.default\">\n\t\t\t\t<div class=\"elementor-widget-container\">\n\t\t\t\t\t\t\t<div class=\"elementor-spacer\">\n\t\t\t<div class=\"elementor-spacer-inner\"><\/div>\n\t\t<\/div>\n\t\t\t\t\t\t<\/div>\n\t\t\t\t<\/div>\n\t\t\t\t\t<\/div>\n\t\t<\/div>\n\t\t\t\t<div class=\"elementor-column elementor-col-50 elementor-inner-column elementor-element elementor-element-a487168\" data-id=\"a487168\" data-element_type=\"column\">\n\t\t\t<div class=\"elementor-widget-wrap elementor-element-populated\">\n\t\t\t\t\t\t<div class=\"elementor-element elementor-element-5981524 elementor-widget elementor-widget-heading\" data-id=\"5981524\" data-element_type=\"widget\" data-widget_type=\"heading.default\">\n\t\t\t\t<div class=\"elementor-widget-container\">\n\t\t\t\t\t<h3 class=\"elementor-heading-title elementor-size-default\">D\u00f6viz Piyasalar\u0131<\/h3>\t\t\t\t<\/div>\n\t\t\t\t<\/div>\n\t\t\t\t<div class=\"elementor-element elementor-element-16d595f elementor-widget elementor-widget-text-editor\" data-id=\"16d595f\" data-element_type=\"widget\" data-widget_type=\"text-editor.default\">\n\t\t\t\t<div class=\"elementor-widget-container\">\n\t\t\t\t\t\t\t\t\t<p>D\u00f6viz piyasas\u0131, para birimlerinin al\u0131n\u0131p sat\u0131ld\u0131\u011f\u0131 d\u00fcnya \u00e7ap\u0131nda merkezi olmayan veya tezgah \u00fcst\u00fc bir pazard\u0131r. T\u00fcm para birimleri i\u00e7in d\u00f6viz kurlar\u0131n\u0131 belirler ve mevcut veya \u00f6nceden belirlenmi\u015f fiyatlarla para birimlerinin sat\u0131n al\u0131nmas\u0131, sat\u0131lmas\u0131 ve takas edilmesinin her y\u00f6n\u00fcn\u00fc kapsar.<\/p>\t\t\t\t\t\t\t\t<\/div>\n\t\t\t\t<\/div>\n\t\t\t\t\t<\/div>\n\t\t<\/div>\n\t\t\t\t\t<\/div>\n\t\t<\/section>\n\t\t\t\t<div class=\"elementor-element elementor-element-b151674 elementor-widget elementor-widget-spacer\" data-id=\"b151674\" data-element_type=\"widget\" data-widget_type=\"spacer.default\">\n\t\t\t\t<div class=\"elementor-widget-container\">\n\t\t\t\t\t\t\t<div class=\"elementor-spacer\">\n\t\t\t<div class=\"elementor-spacer-inner\"><\/div>\n\t\t<\/div>\n\t\t\t\t\t\t<\/div>\n\t\t\t\t<\/div>\n\t\t\t\t<section class=\"elementor-section elementor-inner-section elementor-element elementor-element-a972a2d elementor-section-boxed elementor-section-height-default elementor-section-height-default\" data-id=\"a972a2d\" data-element_type=\"section\">\n\t\t\t\t\t\t<div class=\"elementor-container elementor-column-gap-default\">\n\t\t\t\t\t<div class=\"elementor-column elementor-col-50 elementor-inner-column elementor-element elementor-element-a08b458\" data-id=\"a08b458\" data-element_type=\"column\">\n\t\t\t<div class=\"elementor-widget-wrap elementor-element-populated\">\n\t\t\t\t\t\t<div class=\"elementor-element elementor-element-911efb2 elementor-widget elementor-widget-heading\" data-id=\"911efb2\" data-element_type=\"widget\" data-widget_type=\"heading.default\">\n\t\t\t\t<div class=\"elementor-widget-container\">\n\t\t\t\t\t<h3 class=\"elementor-heading-title elementor-size-default\">FX Para Birimleri<\/h3>\t\t\t\t<\/div>\n\t\t\t\t<\/div>\n\t\t\t\t<div class=\"elementor-element elementor-element-8b26905 elementor-widget elementor-widget-text-editor\" data-id=\"8b26905\" data-element_type=\"widget\" data-widget_type=\"text-editor.default\">\n\t\t\t\t<div class=\"elementor-widget-container\">\n\t\t\t\t\t\t\t\t\t<p>Para birimleri karma\u015f\u0131k olabilir ve d\u00f6viz riskini \u00fcstlenmenin \u00e7o\u011fu yat\u0131r\u0131mc\u0131n\u0131n orta ila uzun vadeli yat\u0131r\u0131m ufku i\u00e7in yeterli getiri sa\u011flamad\u0131\u011f\u0131n\u0131 d\u00fc\u015f\u00fcn\u00fcyoruz. Biz genellikle d\u00f6viz kurunu ekstra getiri elde etmenin bir arac\u0131 olarak de\u011fil, portf\u00f6y i\u00e7in kapsaml\u0131 de\u011ferlendirme ve y\u00f6netim gerektiren bir risk olarak g\u00f6r\u00fcyoruz.<\/p><p>Neden hedge? Zaman i\u00e7inde belirgin bir getiri avantaj\u0131 olmad\u0131\u011f\u0131 g\u00f6z \u00f6n\u00fcne al\u0131nd\u0131\u011f\u0131nda, bir\u00e7ok uzun vadeli yat\u0131r\u0131mc\u0131 i\u00e7in birincil hedef oynakl\u0131\u011f\u0131 en aza indirmektir. D\u00f6viz de\u011ferlerindeki dalgalanmalar, \u00f6zellikle d\u00fc\u015f\u00fck getirili sabit gelirli varl\u0131klar i\u00e7in portf\u00f6y yat\u0131r\u0131mlar\u0131n\u0131n oynakl\u0131\u011f\u0131n\u0131 \u00f6nemli \u00f6l\u00e7\u00fcde art\u0131rabilir.<\/p>\t\t\t\t\t\t\t\t<\/div>\n\t\t\t\t<\/div>\n\t\t\t\t\t<\/div>\n\t\t<\/div>\n\t\t\t\t<div class=\"elementor-column elementor-col-50 elementor-inner-column elementor-element elementor-element-c771862\" data-id=\"c771862\" data-element_type=\"column\">\n\t\t\t<div class=\"elementor-widget-wrap elementor-element-populated\">\n\t\t\t\t\t\t<div class=\"elementor-element elementor-element-1d98d3a elementor-widget elementor-widget-image\" data-id=\"1d98d3a\" data-element_type=\"widget\" data-widget_type=\"image.default\">\n\t\t\t\t<div class=\"elementor-widget-container\">\n\t\t\t\t\t\t\t\t\t\t\t\t\t\t\t<img decoding=\"async\" width=\"540\" height=\"360\" src=\"https:\/\/capitalbalatro.com\/wp-content\/uploads\/2024\/05\/002.jpg\" class=\"attachment-large size-large wp-image-1736\" alt=\"\" srcset=\"https:\/\/capitalbalatro.com\/wp-content\/uploads\/2024\/05\/002.jpg 540w, https:\/\/capitalbalatro.com\/wp-content\/uploads\/2024\/05\/002-300x200.jpg 300w, https:\/\/capitalbalatro.com\/wp-content\/uploads\/2024\/05\/002-18x12.jpg 18w\" sizes=\"(max-width: 540px) 100vw, 540px\" \/>\t\t\t\t\t\t\t\t\t\t\t\t\t\t\t<\/div>\n\t\t\t\t<\/div>\n\t\t\t\t\t<\/div>\n\t\t<\/div>\n\t\t\t\t\t<\/div>\n\t\t<\/section>\n\t\t\t\t<div class=\"elementor-element elementor-element-6bf6263 elementor-widget elementor-widget-spacer\" data-id=\"6bf6263\" data-element_type=\"widget\" data-widget_type=\"spacer.default\">\n\t\t\t\t<div class=\"elementor-widget-container\">\n\t\t\t\t\t\t\t<div class=\"elementor-spacer\">\n\t\t\t<div class=\"elementor-spacer-inner\"><\/div>\n\t\t<\/div>\n\t\t\t\t\t\t<\/div>\n\t\t\t\t<\/div>\n\t\t\t\t<section class=\"elementor-section elementor-inner-section elementor-element elementor-element-e46f885 elementor-section-boxed elementor-section-height-default elementor-section-height-default\" data-id=\"e46f885\" data-element_type=\"section\">\n\t\t\t\t\t\t<div class=\"elementor-container elementor-column-gap-default\">\n\t\t\t\t\t<div class=\"elementor-column elementor-col-50 elementor-inner-column elementor-element elementor-element-3c29e2e\" data-id=\"3c29e2e\" data-element_type=\"column\">\n\t\t\t<div class=\"elementor-widget-wrap elementor-element-populated\">\n\t\t\t\t\t\t<div class=\"elementor-element elementor-element-a150cef elementor-widget elementor-widget-image\" data-id=\"a150cef\" data-element_type=\"widget\" data-widget_type=\"image.default\">\n\t\t\t\t<div class=\"elementor-widget-container\">\n\t\t\t\t\t\t\t\t\t\t\t\t\t\t\t<img decoding=\"async\" width=\"640\" height=\"360\" src=\"https:\/\/capitalbalatro.com\/wp-content\/uploads\/2024\/05\/003.jpg\" class=\"attachment-large size-large wp-image-1737\" alt=\"\" srcset=\"https:\/\/capitalbalatro.com\/wp-content\/uploads\/2024\/05\/003.jpg 640w, https:\/\/capitalbalatro.com\/wp-content\/uploads\/2024\/05\/003-300x169.jpg 300w, https:\/\/capitalbalatro.com\/wp-content\/uploads\/2024\/05\/003-18x10.jpg 18w\" sizes=\"(max-width: 640px) 100vw, 640px\" \/>\t\t\t\t\t\t\t\t\t\t\t\t\t\t\t<\/div>\n\t\t\t\t<\/div>\n\t\t\t\t<div class=\"elementor-element elementor-element-37ab0d5 elementor-widget elementor-widget-spacer\" data-id=\"37ab0d5\" data-element_type=\"widget\" data-widget_type=\"spacer.default\">\n\t\t\t\t<div class=\"elementor-widget-container\">\n\t\t\t\t\t\t\t<div class=\"elementor-spacer\">\n\t\t\t<div class=\"elementor-spacer-inner\"><\/div>\n\t\t<\/div>\n\t\t\t\t\t\t<\/div>\n\t\t\t\t<\/div>\n\t\t\t\t\t<\/div>\n\t\t<\/div>\n\t\t\t\t<div class=\"elementor-column elementor-col-50 elementor-inner-column elementor-element elementor-element-00b3bb2\" data-id=\"00b3bb2\" data-element_type=\"column\">\n\t\t\t<div class=\"elementor-widget-wrap elementor-element-populated\">\n\t\t\t\t\t\t<div class=\"elementor-element elementor-element-c1e1fbe elementor-widget elementor-widget-heading\" data-id=\"c1e1fbe\" data-element_type=\"widget\" data-widget_type=\"heading.default\">\n\t\t\t\t<div class=\"elementor-widget-container\">\n\t\t\t\t\t<h3 class=\"elementor-heading-title elementor-size-default\">\u00d6nemli Noktalar<\/h3>\t\t\t\t<\/div>\n\t\t\t\t<\/div>\n\t\t\t\t<div class=\"elementor-element elementor-element-a31eacc elementor-widget elementor-widget-text-editor\" data-id=\"a31eacc\" data-element_type=\"widget\" data-widget_type=\"text-editor.default\">\n\t\t\t\t<div class=\"elementor-widget-container\">\n\t\t\t\t\t\t\t\t\t<p>Kur riskinin hisse senetleri \u00fczerindeki etkisi, genel portf\u00f6y riski \u00fczerindeki etkisinden daha azd\u0131r, ancak \u00f6nemini korumaktad\u0131r. Kur dalgalanmalar\u0131, \u00f6zellikle Euro B\u00f6lgesi ve Birle\u015fik Krall\u0131k hisse senetleri i\u00e7in portf\u00f6y oynakl\u0131\u011f\u0131nda \u00f6nemli bir fakt\u00f6rd\u00fcr. Ancak, yen genellikle yerel hisse senedi piyasas\u0131na ters y\u00f6nde hareket etti\u011fi i\u00e7in Japonya bir istisnad\u0131r.<\/p><p>Yat\u0131r\u0131mc\u0131lar\u0131n ba\u015fl\u0131ca geli\u015fmi\u015f piyasalardaki (DM) d\u00f6viz risklerinin \u00e7o\u011funu hedge etmelerini \u00f6neriyoruz. Stratejimiz, sabit gelirli yat\u0131r\u0131mlar\u0131n tamamen hedge edilmesini ve \u00f6zellikle Avrupal\u0131 yat\u0131r\u0131mc\u0131lar i\u00e7in hisse senedi varl\u0131klar\u0131n\u0131n bir k\u0131sm\u0131n\u0131n hedge edilmemesini i\u00e7ermektedir. Standart portf\u00f6yler i\u00e7in \u00f6nerdi\u011fimiz hedge oranlar\u0131n\u0131 sunuyoruz ve dinamik olarak belirli bir d\u00f6viz maruziyeti seviyesini korumaya \u00e7al\u0131\u015fmak yerine kal\u0131c\u0131 hedge uygulamalar\u0131n\u0131 savunuyoruz.<\/p><p>K\u0131sa vadede d\u00f6viz riski alma potansiyeli oldu\u011funu kabul etmekle birlikte, likit, g\u00fcn\u00fcn her saati i\u015fleyen piyasan\u0131n genellikle \u00f6ng\u00f6r\u00fclemeyen olaylara ilk tepkiyi verdi\u011fini g\u00f6z \u00f6n\u00fcnde bulundurmak \u00f6nemlidir. Faiz oran\u0131 farklar\u0131n\u0131 etkileyen politikalar, yat\u0131r\u0131mc\u0131 duyarl\u0131l\u0131\u011f\u0131, teknik hususlar, de\u011ferlemeler ve ekonomik temeller de dahil olmak \u00fczere d\u00f6viz dalgalanmalar\u0131n\u0131 y\u00f6nlendiren birka\u00e7 temel fakt\u00f6r\u00fcn alt\u0131n\u0131 \u00e7iziyoruz.<\/p>\t\t\t\t\t\t\t\t<\/div>\n\t\t\t\t<\/div>\n\t\t\t\t\t<\/div>\n\t\t<\/div>\n\t\t\t\t\t<\/div>\n\t\t<\/section>\n\t\t\t\t\t<\/div>\n\t\t<\/div>\n\t\t\t\t\t<\/div>\n\t\t<\/div>\n\t\t\t\t<\/div>","protected":false},"excerpt":{"rendered":"<p>Business Spectrum\u2728 FOREX Foreign Exchange Market The foreign exchange market is a worldwide decentralized or over-the-counter marketplace where currencies are traded. It [&hellip;]<\/p>","protected":false},"author":2,"featured_media":0,"parent":0,"menu_order":0,"comment_status":"closed","ping_status":"closed","template":"","meta":{"nf_dc_page":"","_monsterinsights_skip_tracking":false,"_monsterinsights_sitenote_active":false,"_monsterinsights_sitenote_note":"","_monsterinsights_sitenote_category":0,"footnotes":""},"class_list":["post-1731","page","type-page","status-publish","hentry"],"_links":{"self":[{"href":"https:\/\/capitalbalatro.com\/tr\/wp-json\/wp\/v2\/pages\/1731"}],"collection":[{"href":"https:\/\/capitalbalatro.com\/tr\/wp-json\/wp\/v2\/pages"}],"about":[{"href":"https:\/\/capitalbalatro.com\/tr\/wp-json\/wp\/v2\/types\/page"}],"author":[{"embeddable":true,"href":"https:\/\/capitalbalatro.com\/tr\/wp-json\/wp\/v2\/users\/2"}],"replies":[{"embeddable":true,"href":"https:\/\/capitalbalatro.com\/tr\/wp-json\/wp\/v2\/comments?post=1731"}],"version-history":[{"count":8,"href":"https:\/\/capitalbalatro.com\/tr\/wp-json\/wp\/v2\/pages\/1731\/revisions"}],"predecessor-version":[{"id":2120,"href":"https:\/\/capitalbalatro.com\/tr\/wp-json\/wp\/v2\/pages\/1731\/revisions\/2120"}],"wp:attachment":[{"href":"https:\/\/capitalbalatro.com\/tr\/wp-json\/wp\/v2\/media?parent=1731"}],"curies":[{"name":"wp","href":"https:\/\/api.w.org\/{rel}","templated":true}]}}