{"id":1680,"date":"2024-05-23T13:20:18","date_gmt":"2024-05-23T13:20:18","guid":{"rendered":"https:\/\/capitalbalatro.com\/?page_id=1680"},"modified":"2024-11-01T09:29:15","modified_gmt":"2024-11-01T09:29:15","slug":"global-impact","status":"publish","type":"page","link":"https:\/\/capitalbalatro.com\/tr\/global-impact\/","title":{"rendered":"K\u00fcresel Etki"},"content":{"rendered":"<div data-elementor-type=\"wp-page\" data-elementor-id=\"1680\" class=\"elementor elementor-1680\" data-elementor-post-type=\"page\">\n\t\t\t\t\t\t<section class=\"elementor-section elementor-top-section elementor-element elementor-element-06f8425 elementor-section-boxed elementor-section-height-default elementor-section-height-default\" data-id=\"06f8425\" data-element_type=\"section\" data-settings=\"{&quot;background_background&quot;:&quot;classic&quot;}\">\n\t\t\t\t\t\t\t<div class=\"elementor-background-overlay\"><\/div>\n\t\t\t\t\t\t\t<div class=\"elementor-container elementor-column-gap-default\">\n\t\t\t\t\t<div class=\"elementor-column elementor-col-100 elementor-top-column elementor-element elementor-element-fae1ccc\" data-id=\"fae1ccc\" data-element_type=\"column\">\n\t\t\t<div class=\"elementor-widget-wrap elementor-element-populated\">\n\t\t\t\t\t\t<div class=\"elementor-element elementor-element-a2193e3 elementor-widget elementor-widget-spacer\" data-id=\"a2193e3\" data-element_type=\"widget\" data-widget_type=\"spacer.default\">\n\t\t\t\t<div class=\"elementor-widget-container\">\n\t\t\t\t\t\t\t<div class=\"elementor-spacer\">\n\t\t\t<div class=\"elementor-spacer-inner\"><\/div>\n\t\t<\/div>\n\t\t\t\t\t\t<\/div>\n\t\t\t\t<\/div>\n\t\t\t\t<div class=\"elementor-element elementor-element-cd42044 elementor-widget elementor-widget-spacer\" data-id=\"cd42044\" data-element_type=\"widget\" data-widget_type=\"spacer.default\">\n\t\t\t\t<div class=\"elementor-widget-container\">\n\t\t\t\t\t\t\t<div class=\"elementor-spacer\">\n\t\t\t<div class=\"elementor-spacer-inner\"><\/div>\n\t\t<\/div>\n\t\t\t\t\t\t<\/div>\n\t\t\t\t<\/div>\n\t\t\t\t\t<\/div>\n\t\t<\/div>\n\t\t\t\t\t<\/div>\n\t\t<\/section>\n\t\t\t\t<div class=\"elementor-section elementor-top-section elementor-element elementor-element-7bb9d166 elementor-section-boxed elementor-section-height-default elementor-section-height-default\" data-id=\"7bb9d166\" data-element_type=\"section\" data-settings=\"{&quot;background_background&quot;:&quot;classic&quot;}\">\n\t\t\t\t\t\t<div class=\"elementor-container elementor-column-gap-default\">\n\t\t\t\t\t<div class=\"elementor-column elementor-col-100 elementor-top-column elementor-element elementor-element-3fea9c85\" data-id=\"3fea9c85\" data-element_type=\"column\" data-settings=\"{&quot;background_background&quot;:&quot;classic&quot;}\">\n\t\t\t<div class=\"elementor-widget-wrap elementor-element-populated\">\n\t\t\t\t\t\t<div class=\"elementor-element elementor-element-6a96c5f9 elementor-widget__width-auto elementor-widget elementor-widget-heading\" data-id=\"6a96c5f9\" data-element_type=\"widget\" data-widget_type=\"heading.default\">\n\t\t\t\t<div class=\"elementor-widget-container\">\n\t\t\t\t\t<h5 class=\"elementor-heading-title elementor-size-default\">Hakk\u0131m\u0131zda Bilmeniz Gerekenler\u2728<\/h5>\t\t\t\t<\/div>\n\t\t\t\t<\/div>\n\t\t\t\t<div class=\"elementor-element elementor-element-108596ed elementor-widget elementor-widget-spacer\" data-id=\"108596ed\" data-element_type=\"widget\" data-widget_type=\"spacer.default\">\n\t\t\t\t<div class=\"elementor-widget-container\">\n\t\t\t\t\t\t\t<div class=\"elementor-spacer\">\n\t\t\t<div class=\"elementor-spacer-inner\"><\/div>\n\t\t<\/div>\n\t\t\t\t\t\t<\/div>\n\t\t\t\t<\/div>\n\t\t\t\t<div class=\"elementor-element elementor-element-28011c1 elementor-widget elementor-widget-heading\" data-id=\"28011c1\" data-element_type=\"widget\" data-widget_type=\"heading.default\">\n\t\t\t\t<div class=\"elementor-widget-container\">\n\t\t\t\t\t<h2 class=\"elementor-heading-title elementor-size-default\">K\u00fcresel Etki<\/h2>\t\t\t\t<\/div>\n\t\t\t\t<\/div>\n\t\t\t\t\t<\/div>\n\t\t<\/div>\n\t\t\t\t\t<\/div>\n\t\t<\/div>\n\t\t\t\t<div class=\"elementor-section elementor-top-section elementor-element elementor-element-251327b1 elementor-section-boxed elementor-section-height-default elementor-section-height-default\" data-id=\"251327b1\" data-element_type=\"section\" data-settings=\"{&quot;background_background&quot;:&quot;classic&quot;}\">\n\t\t\t\t\t\t\t<div class=\"elementor-background-overlay\"><\/div>\n\t\t\t\t\t\t\t<div class=\"elementor-container elementor-column-gap-default\">\n\t\t\t\t\t<div class=\"elementor-column elementor-col-100 elementor-top-column elementor-element elementor-element-3f1db94e\" data-id=\"3f1db94e\" data-element_type=\"column\">\n\t\t\t<div class=\"elementor-widget-wrap elementor-element-populated\">\n\t\t\t\t\t\t<section class=\"elementor-section elementor-inner-section elementor-element elementor-element-9549b0c elementor-section-boxed elementor-section-height-default elementor-section-height-default\" data-id=\"9549b0c\" data-element_type=\"section\">\n\t\t\t\t\t\t<div class=\"elementor-container elementor-column-gap-default\">\n\t\t\t\t\t<div class=\"elementor-column elementor-col-50 elementor-inner-column elementor-element elementor-element-52dfbf1\" data-id=\"52dfbf1\" data-element_type=\"column\">\n\t\t\t<div class=\"elementor-widget-wrap elementor-element-populated\">\n\t\t\t\t\t\t<div class=\"elementor-element elementor-element-333f5c8 elementor-widget elementor-widget-image\" data-id=\"333f5c8\" data-element_type=\"widget\" data-widget_type=\"image.default\">\n\t\t\t\t<div class=\"elementor-widget-container\">\n\t\t\t\t\t\t\t\t\t\t\t\t\t\t\t<img fetchpriority=\"high\" decoding=\"async\" width=\"507\" height=\"310\" src=\"https:\/\/capitalbalatro.com\/wp-content\/uploads\/2024\/05\/1.jpg\" class=\"attachment-1536x1536 size-1536x1536 wp-image-1682\" alt=\"\" srcset=\"https:\/\/capitalbalatro.com\/wp-content\/uploads\/2024\/05\/1.jpg 507w, https:\/\/capitalbalatro.com\/wp-content\/uploads\/2024\/05\/1-300x183.jpg 300w, https:\/\/capitalbalatro.com\/wp-content\/uploads\/2024\/05\/1-18x12.jpg 18w\" sizes=\"(max-width: 507px) 100vw, 507px\" \/>\t\t\t\t\t\t\t\t\t\t\t\t\t\t\t<\/div>\n\t\t\t\t<\/div>\n\t\t\t\t<div class=\"elementor-element elementor-element-988295a elementor-widget elementor-widget-spacer\" data-id=\"988295a\" data-element_type=\"widget\" data-widget_type=\"spacer.default\">\n\t\t\t\t<div class=\"elementor-widget-container\">\n\t\t\t\t\t\t\t<div class=\"elementor-spacer\">\n\t\t\t<div class=\"elementor-spacer-inner\"><\/div>\n\t\t<\/div>\n\t\t\t\t\t\t<\/div>\n\t\t\t\t<\/div>\n\t\t\t\t<div class=\"elementor-element elementor-element-911efb2 elementor-widget elementor-widget-heading\" data-id=\"911efb2\" data-element_type=\"widget\" data-widget_type=\"heading.default\">\n\t\t\t\t<div class=\"elementor-widget-container\">\n\t\t\t\t\t<h3 class=\"elementor-heading-title elementor-size-default\">M\u00fc\u015fterilerimiz ve Ortaklar\u0131m\u0131z<\/h3>\t\t\t\t<\/div>\n\t\t\t\t<\/div>\n\t\t\t\t<div class=\"elementor-element elementor-element-8b26905 elementor-widget elementor-widget-text-editor\" data-id=\"8b26905\" data-element_type=\"widget\" data-widget_type=\"text-editor.default\">\n\t\t\t\t<div class=\"elementor-widget-container\">\n\t\t\t\t\t\t\t\t\t<p>Balatro, \u00e7e\u015fitli ge\u00e7mi\u015flere sahip bireysel yat\u0131r\u0131mc\u0131lardan \u00f6nemli finansal zorluklarla m\u00fccadele eden \u015firketlere ve h\u00fck\u00fcmetlere kadar uzanan geni\u015f bir m\u00fc\u015fteri kitlesinin g\u00fcvenini kazanm\u0131\u015ft\u0131r.<\/p>\t\t\t\t\t\t\t\t<\/div>\n\t\t\t\t<\/div>\n\t\t\t\t\t<\/div>\n\t\t<\/div>\n\t\t\t\t<div class=\"elementor-column elementor-col-50 elementor-inner-column elementor-element elementor-element-a487168\" data-id=\"a487168\" data-element_type=\"column\">\n\t\t\t<div class=\"elementor-widget-wrap elementor-element-populated\">\n\t\t\t\t\t\t<div class=\"elementor-element elementor-element-5981524 elementor-widget elementor-widget-heading\" data-id=\"5981524\" data-element_type=\"widget\" data-widget_type=\"heading.default\">\n\t\t\t\t<div class=\"elementor-widget-container\">\n\t\t\t\t\t<h3 class=\"elementor-heading-title elementor-size-default\">D\u00fcnya \u00e7ap\u0131nda eri\u015fim<\/h3>\t\t\t\t<\/div>\n\t\t\t\t<\/div>\n\t\t\t\t<div class=\"elementor-element elementor-element-aefadec elementor-widget elementor-widget-heading\" data-id=\"aefadec\" data-element_type=\"widget\" data-widget_type=\"heading.default\">\n\t\t\t\t<div class=\"elementor-widget-container\">\n\t\t\t\t\t<h3 class=\"elementor-heading-title elementor-size-default\">Yerel hizmet ve ili\u015fkiler<\/h3>\t\t\t\t<\/div>\n\t\t\t\t<\/div>\n\t\t\t\t<div class=\"elementor-element elementor-element-16d595f elementor-widget elementor-widget-text-editor\" data-id=\"16d595f\" data-element_type=\"widget\" data-widget_type=\"text-editor.default\">\n\t\t\t\t<div class=\"elementor-widget-container\">\n\t\t\t\t\t\t\t\t\t<p>15 \u00fclkede 20 ofisi bulunan Balatro, yerel hizmet sunarken ve g\u00fc\u00e7l\u00fc ili\u015fkiler geli\u015ftirirken geni\u015f eri\u015fimin avantajlar\u0131ndan yararlanarak ger\u00e7ek anlamda k\u00fcresel bir firma olarak faaliyet g\u00f6stermektedir.<\/p><p>Varl\u0131k y\u00f6netimi hizmetlerimiz G\u00fcney Amerika, Avrupa, Asya, Avustralya, Orta Do\u011fu ve Afrika'daki m\u00fc\u015fterilere uzanmaktad\u0131r.<\/p>\t\t\t\t\t\t\t\t<\/div>\n\t\t\t\t<\/div>\n\t\t\t\t<div class=\"elementor-element elementor-element-1d98d3a elementor-widget elementor-widget-image\" data-id=\"1d98d3a\" data-element_type=\"widget\" data-widget_type=\"image.default\">\n\t\t\t\t<div class=\"elementor-widget-container\">\n\t\t\t\t\t\t\t\t\t\t\t\t\t\t\t<img decoding=\"async\" width=\"640\" height=\"360\" src=\"https:\/\/capitalbalatro.com\/wp-content\/uploads\/2024\/05\/2.jpg\" class=\"attachment-large size-large wp-image-1683\" alt=\"\" srcset=\"https:\/\/capitalbalatro.com\/wp-content\/uploads\/2024\/05\/2.jpg 640w, https:\/\/capitalbalatro.com\/wp-content\/uploads\/2024\/05\/2-300x169.jpg 300w, https:\/\/capitalbalatro.com\/wp-content\/uploads\/2024\/05\/2-18x10.jpg 18w\" sizes=\"(max-width: 640px) 100vw, 640px\" \/>\t\t\t\t\t\t\t\t\t\t\t\t\t\t\t<\/div>\n\t\t\t\t<\/div>\n\t\t\t\t\t<\/div>\n\t\t<\/div>\n\t\t\t\t\t<\/div>\n\t\t<\/section>\n\t\t\t\t<div class=\"elementor-element elementor-element-b151674 elementor-widget elementor-widget-spacer\" data-id=\"b151674\" data-element_type=\"widget\" data-widget_type=\"spacer.default\">\n\t\t\t\t<div class=\"elementor-widget-container\">\n\t\t\t\t\t\t\t<div class=\"elementor-spacer\">\n\t\t\t<div class=\"elementor-spacer-inner\"><\/div>\n\t\t<\/div>\n\t\t\t\t\t\t<\/div>\n\t\t\t\t<\/div>\n\t\t\t\t\t<\/div>\n\t\t<\/div>\n\t\t\t\t\t<\/div>\n\t\t<\/div>\n\t\t\t\t<\/div>","protected":false},"excerpt":{"rendered":"<p>What You Need To Know About Us\u2728 Global Impact Clients and Partners Balatro has earned the trust of a diverse clientele, ranging [&hellip;]<\/p>","protected":false},"author":2,"featured_media":0,"parent":0,"menu_order":0,"comment_status":"closed","ping_status":"closed","template":"","meta":{"nf_dc_page":"","_monsterinsights_skip_tracking":false,"_monsterinsights_sitenote_active":false,"_monsterinsights_sitenote_note":"","_monsterinsights_sitenote_category":0,"footnotes":""},"class_list":["post-1680","page","type-page","status-publish","hentry"],"_links":{"self":[{"href":"https:\/\/capitalbalatro.com\/tr\/wp-json\/wp\/v2\/pages\/1680"}],"collection":[{"href":"https:\/\/capitalbalatro.com\/tr\/wp-json\/wp\/v2\/pages"}],"about":[{"href":"https:\/\/capitalbalatro.com\/tr\/wp-json\/wp\/v2\/types\/page"}],"author":[{"embeddable":true,"href":"https:\/\/capitalbalatro.com\/tr\/wp-json\/wp\/v2\/users\/2"}],"replies":[{"embeddable":true,"href":"https:\/\/capitalbalatro.com\/tr\/wp-json\/wp\/v2\/comments?post=1680"}],"version-history":[{"count":8,"href":"https:\/\/capitalbalatro.com\/tr\/wp-json\/wp\/v2\/pages\/1680\/revisions"}],"predecessor-version":[{"id":2123,"href":"https:\/\/capitalbalatro.com\/tr\/wp-json\/wp\/v2\/pages\/1680\/revisions\/2123"}],"wp:attachment":[{"href":"https:\/\/capitalbalatro.com\/tr\/wp-json\/wp\/v2\/media?parent=1680"}],"curies":[{"name":"wp","href":"https:\/\/api.w.org\/{rel}","templated":true}]}}