{"id":1660,"date":"2024-05-23T13:03:09","date_gmt":"2024-05-23T13:03:09","guid":{"rendered":"https:\/\/capitalbalatro.com\/?page_id=1660"},"modified":"2024-11-01T09:31:12","modified_gmt":"2024-11-01T09:31:12","slug":"history","status":"publish","type":"page","link":"https:\/\/capitalbalatro.com\/tr\/history\/","title":{"rendered":"Tarih\u00e7esi"},"content":{"rendered":"<div data-elementor-type=\"wp-page\" data-elementor-id=\"1660\" class=\"elementor elementor-1660\" data-elementor-post-type=\"page\">\n\t\t\t\t\t\t<section class=\"elementor-section elementor-top-section elementor-element elementor-element-06f8425 elementor-section-boxed elementor-section-height-default elementor-section-height-default\" data-id=\"06f8425\" data-element_type=\"section\" data-settings=\"{&quot;background_background&quot;:&quot;classic&quot;}\">\n\t\t\t\t\t\t\t<div class=\"elementor-background-overlay\"><\/div>\n\t\t\t\t\t\t\t<div class=\"elementor-container elementor-column-gap-default\">\n\t\t\t\t\t<div class=\"elementor-column elementor-col-100 elementor-top-column elementor-element elementor-element-fae1ccc\" data-id=\"fae1ccc\" data-element_type=\"column\">\n\t\t\t<div class=\"elementor-widget-wrap elementor-element-populated\">\n\t\t\t\t\t\t<div class=\"elementor-element elementor-element-a2193e3 elementor-widget elementor-widget-spacer\" data-id=\"a2193e3\" data-element_type=\"widget\" data-widget_type=\"spacer.default\">\n\t\t\t\t<div class=\"elementor-widget-container\">\n\t\t\t\t\t\t\t<div class=\"elementor-spacer\">\n\t\t\t<div class=\"elementor-spacer-inner\"><\/div>\n\t\t<\/div>\n\t\t\t\t\t\t<\/div>\n\t\t\t\t<\/div>\n\t\t\t\t<div class=\"elementor-element elementor-element-cd42044 elementor-widget elementor-widget-spacer\" data-id=\"cd42044\" data-element_type=\"widget\" data-widget_type=\"spacer.default\">\n\t\t\t\t<div class=\"elementor-widget-container\">\n\t\t\t\t\t\t\t<div class=\"elementor-spacer\">\n\t\t\t<div class=\"elementor-spacer-inner\"><\/div>\n\t\t<\/div>\n\t\t\t\t\t\t<\/div>\n\t\t\t\t<\/div>\n\t\t\t\t\t<\/div>\n\t\t<\/div>\n\t\t\t\t\t<\/div>\n\t\t<\/section>\n\t\t\t\t<div class=\"elementor-section elementor-top-section elementor-element elementor-element-7bb9d166 elementor-section-boxed elementor-section-height-default elementor-section-height-default\" data-id=\"7bb9d166\" data-element_type=\"section\" data-settings=\"{&quot;background_background&quot;:&quot;classic&quot;}\">\n\t\t\t\t\t\t<div class=\"elementor-container elementor-column-gap-default\">\n\t\t\t\t\t<div class=\"elementor-column elementor-col-100 elementor-top-column elementor-element elementor-element-3fea9c85\" data-id=\"3fea9c85\" data-element_type=\"column\" data-settings=\"{&quot;background_background&quot;:&quot;classic&quot;}\">\n\t\t\t<div class=\"elementor-widget-wrap elementor-element-populated\">\n\t\t\t\t\t\t<div class=\"elementor-element elementor-element-6a96c5f9 elementor-widget__width-auto elementor-widget elementor-widget-heading\" data-id=\"6a96c5f9\" data-element_type=\"widget\" data-widget_type=\"heading.default\">\n\t\t\t\t<div class=\"elementor-widget-container\">\n\t\t\t\t\t<h5 class=\"elementor-heading-title elementor-size-default\">Hakk\u0131m\u0131zda Bilmeniz Gerekenler\u2728<\/h5>\t\t\t\t<\/div>\n\t\t\t\t<\/div>\n\t\t\t\t<div class=\"elementor-element elementor-element-108596ed elementor-widget elementor-widget-spacer\" data-id=\"108596ed\" data-element_type=\"widget\" data-widget_type=\"spacer.default\">\n\t\t\t\t<div class=\"elementor-widget-container\">\n\t\t\t\t\t\t\t<div class=\"elementor-spacer\">\n\t\t\t<div class=\"elementor-spacer-inner\"><\/div>\n\t\t<\/div>\n\t\t\t\t\t\t<\/div>\n\t\t\t\t<\/div>\n\t\t\t\t<div class=\"elementor-element elementor-element-28011c1 elementor-widget elementor-widget-heading\" data-id=\"28011c1\" data-element_type=\"widget\" data-widget_type=\"heading.default\">\n\t\t\t\t<div class=\"elementor-widget-container\">\n\t\t\t\t\t<h2 class=\"elementor-heading-title elementor-size-default\">Tarih\u00e7esi<\/h2>\t\t\t\t<\/div>\n\t\t\t\t<\/div>\n\t\t\t\t\t<\/div>\n\t\t<\/div>\n\t\t\t\t\t<\/div>\n\t\t<\/div>\n\t\t\t\t<div class=\"elementor-section elementor-top-section elementor-element elementor-element-251327b1 elementor-section-boxed elementor-section-height-default elementor-section-height-default\" data-id=\"251327b1\" data-element_type=\"section\" data-settings=\"{&quot;background_background&quot;:&quot;classic&quot;}\">\n\t\t\t\t\t\t\t<div class=\"elementor-background-overlay\"><\/div>\n\t\t\t\t\t\t\t<div class=\"elementor-container elementor-column-gap-default\">\n\t\t\t\t\t<div class=\"elementor-column elementor-col-100 elementor-top-column elementor-element elementor-element-3f1db94e\" data-id=\"3f1db94e\" data-element_type=\"column\">\n\t\t\t<div class=\"elementor-widget-wrap elementor-element-populated\">\n\t\t\t\t\t\t<section class=\"elementor-section elementor-inner-section elementor-element elementor-element-492772d elementor-section-boxed elementor-section-height-default elementor-section-height-default\" data-id=\"492772d\" data-element_type=\"section\" data-settings=\"{&quot;background_background&quot;:&quot;classic&quot;}\">\n\t\t\t\t\t\t<div class=\"elementor-container elementor-column-gap-default\">\n\t\t\t\t\t<div class=\"elementor-column elementor-col-50 elementor-inner-column elementor-element elementor-element-8683163\" data-id=\"8683163\" data-element_type=\"column\">\n\t\t\t<div class=\"elementor-widget-wrap elementor-element-populated\">\n\t\t\t\t\t\t<div class=\"elementor-element elementor-element-049c1be elementor-widget elementor-widget-spacer\" data-id=\"049c1be\" data-element_type=\"widget\" data-widget_type=\"spacer.default\">\n\t\t\t\t<div class=\"elementor-widget-container\">\n\t\t\t\t\t\t\t<div class=\"elementor-spacer\">\n\t\t\t<div class=\"elementor-spacer-inner\"><\/div>\n\t\t<\/div>\n\t\t\t\t\t\t<\/div>\n\t\t\t\t<\/div>\n\t\t\t\t<div class=\"elementor-element elementor-element-3164ff3 elementor-widget elementor-widget-image\" data-id=\"3164ff3\" data-element_type=\"widget\" data-widget_type=\"image.default\">\n\t\t\t\t<div class=\"elementor-widget-container\">\n\t\t\t\t\t\t\t\t\t\t\t\t\t\t\t<img fetchpriority=\"high\" decoding=\"async\" width=\"500\" height=\"343\" src=\"https:\/\/capitalbalatro.com\/wp-content\/uploads\/2024\/05\/h2.png\" class=\"attachment-large size-large wp-image-1665\" alt=\"\" srcset=\"https:\/\/capitalbalatro.com\/wp-content\/uploads\/2024\/05\/h2.png 500w, https:\/\/capitalbalatro.com\/wp-content\/uploads\/2024\/05\/h2-300x206.png 300w, https:\/\/capitalbalatro.com\/wp-content\/uploads\/2024\/05\/h2-18x12.png 18w\" sizes=\"(max-width: 500px) 100vw, 500px\" \/>\t\t\t\t\t\t\t\t\t\t\t\t\t\t\t<\/div>\n\t\t\t\t<\/div>\n\t\t\t\t\t<\/div>\n\t\t<\/div>\n\t\t\t\t<div class=\"elementor-column elementor-col-50 elementor-inner-column elementor-element elementor-element-451c60b\" data-id=\"451c60b\" data-element_type=\"column\">\n\t\t\t<div class=\"elementor-widget-wrap elementor-element-populated\">\n\t\t\t\t\t\t<div class=\"elementor-element elementor-element-81177f4 elementor-widget elementor-widget-spacer\" data-id=\"81177f4\" data-element_type=\"widget\" data-widget_type=\"spacer.default\">\n\t\t\t\t<div class=\"elementor-widget-container\">\n\t\t\t\t\t\t\t<div class=\"elementor-spacer\">\n\t\t\t<div class=\"elementor-spacer-inner\"><\/div>\n\t\t<\/div>\n\t\t\t\t\t\t<\/div>\n\t\t\t\t<\/div>\n\t\t\t\t<div class=\"elementor-element elementor-element-f3b61cb elementor-widget elementor-widget-heading\" data-id=\"f3b61cb\" data-element_type=\"widget\" data-widget_type=\"heading.default\">\n\t\t\t\t<div class=\"elementor-widget-container\">\n\t\t\t\t\t<h3 class=\"elementor-heading-title elementor-size-default\">Fikirler, yenilikler ve b\u00fcy\u00fcme\nBalatro'nun yolculu\u011funun nas\u0131l geli\u015fti\u011fini g\u00f6r\u00fcn.<\/h3>\t\t\t\t<\/div>\n\t\t\t\t<\/div>\n\t\t\t\t<div class=\"elementor-element elementor-element-487bec4 elementor-widget elementor-widget-text-editor\" data-id=\"487bec4\" data-element_type=\"widget\" data-widget_type=\"text-editor.default\">\n\t\t\t\t<div class=\"elementor-widget-container\">\n\t\t\t\t\t\t\t\t\t<p>2019 y\u0131l\u0131nda d\u00f6rt ki\u015filik k\u00fc\u00e7\u00fck bir ekip taraf\u0131ndan tek bir odada kurulan Balatro, m\u00fc\u015fterilerin ihtiya\u00e7lar\u0131na ve \u00e7\u0131karlar\u0131na \u00f6ncelik vermeye y\u00f6nelik ortak bir taahh\u00fct \u00fczerine in\u015fa edildi. Kurucular, riski anlama ve azaltma konusundaki hevesleriyle varl\u0131k y\u00f6netimine daha etkili bir yakla\u015f\u0131m \u00f6ng\u00f6rd\u00fcler.<\/p><p>Bu m\u00fc\u015fteri odakl\u0131 felsefe, bug\u00fcn de firman\u0131n y\u00f6netim uygulamalar\u0131n\u0131n merkezinde yer almaktad\u0131r.<\/p>\t\t\t\t\t\t\t\t<\/div>\n\t\t\t\t<\/div>\n\t\t\t\t\t<\/div>\n\t\t<\/div>\n\t\t\t\t\t<\/div>\n\t\t<\/section>\n\t\t\t\t<section class=\"elementor-section elementor-inner-section elementor-element elementor-element-d4f020f elementor-section-boxed elementor-section-height-default elementor-section-height-default\" data-id=\"d4f020f\" data-element_type=\"section\" data-settings=\"{&quot;background_background&quot;:&quot;classic&quot;}\">\n\t\t\t\t\t\t<div class=\"elementor-container elementor-column-gap-default\">\n\t\t\t\t\t<div class=\"elementor-column elementor-col-50 elementor-inner-column elementor-element elementor-element-9c605e5\" data-id=\"9c605e5\" data-element_type=\"column\">\n\t\t\t<div class=\"elementor-widget-wrap elementor-element-populated\">\n\t\t\t\t\t\t<div class=\"elementor-element elementor-element-7cdb7c1 elementor-widget elementor-widget-text-editor\" data-id=\"7cdb7c1\" data-element_type=\"widget\" data-widget_type=\"text-editor.default\">\n\t\t\t\t<div class=\"elementor-widget-container\">\n\t\t\t\t\t\t\t\t\t<p>Sekt\u00f6r genelinde risk y\u00f6netiminde \u015feffafl\u0131\u011f\u0131, \u00f6l\u00e7eklenebilirli\u011fi ve yenili\u011fi art\u0131rma potansiyelini g\u00f6ren Balatro, tescilli teknolojisini sunmaya ba\u015flad\u0131. Bu teknoloji, t\u00fcm operasyonlar\u0131m\u0131za sorunsuz bir \u015fekilde entegre edilmi\u015f ve bizi se\u00e7kin bir yat\u0131r\u0131m ve risk y\u00f6neticisi olarak ay\u0131ran bir firma olarak kimli\u011fimizin merkezinde yer almaktad\u0131r.<\/p><p>Balatro sadece bir y\u0131l i\u00e7inde d\u00f6rt ki\u015filik bir giri\u015fimden, di\u011fer t\u00fcm yat\u0131r\u0131m y\u00f6neticilerinden daha fazla varl\u0131\u011f\u0131 y\u00f6netmekle g\u00f6revlendirilen k\u00fcresel bir kurulu\u015fa d\u00f6n\u00fc\u015ft\u00fc. Ge\u00e7ti\u011fimiz y\u0131lki yolculu\u011fumuz, platformumuza, ekibimize ve teknolojimize olan ba\u011fl\u0131l\u0131\u011f\u0131m\u0131z\u0131 yans\u0131tmakta ve hem m\u00fc\u015fterilerimiz hem de hissedarlar\u0131m\u0131z i\u00e7in s\u00fcrekli olarak uzun vadeli de\u011fer sa\u011flamam\u0131z\u0131 m\u00fcmk\u00fcn k\u0131lmaktad\u0131r.<\/p>\t\t\t\t\t\t\t\t<\/div>\n\t\t\t\t<\/div>\n\t\t\t\t<div class=\"elementor-element elementor-element-db98fcc elementor-widget elementor-widget-spacer\" data-id=\"db98fcc\" data-element_type=\"widget\" data-widget_type=\"spacer.default\">\n\t\t\t\t<div class=\"elementor-widget-container\">\n\t\t\t\t\t\t\t<div class=\"elementor-spacer\">\n\t\t\t<div class=\"elementor-spacer-inner\"><\/div>\n\t\t<\/div>\n\t\t\t\t\t\t<\/div>\n\t\t\t\t<\/div>\n\t\t\t\t\t<\/div>\n\t\t<\/div>\n\t\t\t\t<div class=\"elementor-column elementor-col-50 elementor-inner-column elementor-element elementor-element-1ae368a\" data-id=\"1ae368a\" data-element_type=\"column\">\n\t\t\t<div class=\"elementor-widget-wrap elementor-element-populated\">\n\t\t\t\t\t\t<div class=\"elementor-element elementor-element-6c63967 elementor-widget elementor-widget-image\" data-id=\"6c63967\" data-element_type=\"widget\" data-widget_type=\"image.default\">\n\t\t\t\t<div class=\"elementor-widget-container\">\n\t\t\t\t\t\t\t\t\t\t\t\t\t\t\t<img decoding=\"async\" width=\"1000\" height=\"667\" src=\"https:\/\/capitalbalatro.com\/wp-content\/uploads\/2024\/05\/02-1024x683.jpg\" class=\"attachment-large size-large wp-image-1666\" alt=\"\" srcset=\"https:\/\/capitalbalatro.com\/wp-content\/uploads\/2024\/05\/02-1024x683.jpg 1024w, https:\/\/capitalbalatro.com\/wp-content\/uploads\/2024\/05\/02-300x200.jpg 300w, https:\/\/capitalbalatro.com\/wp-content\/uploads\/2024\/05\/02-768x512.jpg 768w, https:\/\/capitalbalatro.com\/wp-content\/uploads\/2024\/05\/02-18x12.jpg 18w, https:\/\/capitalbalatro.com\/wp-content\/uploads\/2024\/05\/02-650x433.jpg 650w, https:\/\/capitalbalatro.com\/wp-content\/uploads\/2024\/05\/02.jpg 1200w\" sizes=\"(max-width: 1000px) 100vw, 1000px\" \/>\t\t\t\t\t\t\t\t\t\t\t\t\t\t\t<\/div>\n\t\t\t\t<\/div>\n\t\t\t\t<div class=\"elementor-element elementor-element-b63b600 elementor-widget elementor-widget-spacer\" data-id=\"b63b600\" data-element_type=\"widget\" data-widget_type=\"spacer.default\">\n\t\t\t\t<div class=\"elementor-widget-container\">\n\t\t\t\t\t\t\t<div class=\"elementor-spacer\">\n\t\t\t<div class=\"elementor-spacer-inner\"><\/div>\n\t\t<\/div>\n\t\t\t\t\t\t<\/div>\n\t\t\t\t<\/div>\n\t\t\t\t\t<\/div>\n\t\t<\/div>\n\t\t\t\t\t<\/div>\n\t\t<\/section>\n\t\t\t\t\t<\/div>\n\t\t<\/div>\n\t\t\t\t\t<\/div>\n\t\t<\/div>\n\t\t\t\t<\/div>","protected":false},"excerpt":{"rendered":"<p>What You Need To Know About Us\u2728 History Ideas, innovations and growth See how Balatro\u2019s journey has unfolded. Founded in 2019 by [&hellip;]<\/p>","protected":false},"author":2,"featured_media":0,"parent":0,"menu_order":0,"comment_status":"closed","ping_status":"closed","template":"","meta":{"nf_dc_page":"","_monsterinsights_skip_tracking":false,"_monsterinsights_sitenote_active":false,"_monsterinsights_sitenote_note":"","_monsterinsights_sitenote_category":0,"footnotes":""},"class_list":["post-1660","page","type-page","status-publish","hentry"],"_links":{"self":[{"href":"https:\/\/capitalbalatro.com\/tr\/wp-json\/wp\/v2\/pages\/1660"}],"collection":[{"href":"https:\/\/capitalbalatro.com\/tr\/wp-json\/wp\/v2\/pages"}],"about":[{"href":"https:\/\/capitalbalatro.com\/tr\/wp-json\/wp\/v2\/types\/page"}],"author":[{"embeddable":true,"href":"https:\/\/capitalbalatro.com\/tr\/wp-json\/wp\/v2\/users\/2"}],"replies":[{"embeddable":true,"href":"https:\/\/capitalbalatro.com\/tr\/wp-json\/wp\/v2\/comments?post=1660"}],"version-history":[{"count":8,"href":"https:\/\/capitalbalatro.com\/tr\/wp-json\/wp\/v2\/pages\/1660\/revisions"}],"predecessor-version":[{"id":2126,"href":"https:\/\/capitalbalatro.com\/tr\/wp-json\/wp\/v2\/pages\/1660\/revisions\/2126"}],"wp:attachment":[{"href":"https:\/\/capitalbalatro.com\/tr\/wp-json\/wp\/v2\/media?parent=1660"}],"curies":[{"name":"wp","href":"https:\/\/api.w.org\/{rel}","templated":true}]}}