{"id":1133,"date":"2024-02-22T10:14:06","date_gmt":"2024-02-22T10:14:06","guid":{"rendered":"https:\/\/capitalbalatro.com\/?page_id=1133"},"modified":"2024-11-01T13:42:45","modified_gmt":"2024-11-01T13:42:45","slug":"refund-policy","status":"publish","type":"page","link":"https:\/\/capitalbalatro.com\/tr\/refund-policy\/","title":{"rendered":"Geri \u00d6deme Politikas\u0131"},"content":{"rendered":"<div data-elementor-type=\"wp-page\" data-elementor-id=\"1133\" class=\"elementor elementor-1133\" data-elementor-post-type=\"page\">\n\t\t\t\t\t\t<section class=\"elementor-section elementor-top-section elementor-element elementor-element-140922a7 elementor-section-boxed elementor-section-height-default elementor-section-height-default\" data-id=\"140922a7\" data-element_type=\"section\" data-settings=\"{&quot;background_background&quot;:&quot;classic&quot;}\">\n\t\t\t\t\t\t<div class=\"elementor-container elementor-column-gap-default\">\n\t\t\t\t\t<div class=\"elementor-column elementor-col-100 elementor-top-column elementor-element elementor-element-1b5d5491\" data-id=\"1b5d5491\" data-element_type=\"column\">\n\t\t\t<div class=\"elementor-widget-wrap elementor-element-populated\">\n\t\t\t\t\t\t<section class=\"elementor-section elementor-inner-section elementor-element elementor-element-19bb5848 elementor-section-boxed elementor-section-height-default elementor-section-height-default\" data-id=\"19bb5848\" data-element_type=\"section\">\n\t\t\t\t\t\t<div class=\"elementor-container elementor-column-gap-default\">\n\t\t\t\t\t<div class=\"elementor-column elementor-col-100 elementor-inner-column elementor-element elementor-element-5c7dc557\" data-id=\"5c7dc557\" data-element_type=\"column\">\n\t\t\t<div class=\"elementor-widget-wrap elementor-element-populated\">\n\t\t\t\t\t\t<div class=\"elementor-element elementor-element-28d5ddf5 animated-fast elementor-invisible elementor-widget elementor-widget-heading\" data-id=\"28d5ddf5\" data-element_type=\"widget\" data-settings=\"{&quot;_animation&quot;:&quot;fadeInUp&quot;}\" data-widget_type=\"heading.default\">\n\t\t\t\t<div class=\"elementor-widget-container\">\n\t\t\t\t\t<h1 class=\"elementor-heading-title elementor-size-default\">Geri \u00d6deme Politikas\u0131<\/h1>\t\t\t\t<\/div>\n\t\t\t\t<\/div>\n\t\t\t\t\t<\/div>\n\t\t<\/div>\n\t\t\t\t\t<\/div>\n\t\t<\/section>\n\t\t\t\t<section class=\"elementor-section elementor-inner-section elementor-element elementor-element-685ba01 elementor-section-boxed elementor-section-height-default elementor-section-height-default\" data-id=\"685ba01\" data-element_type=\"section\">\n\t\t\t\t\t\t<div class=\"elementor-container elementor-column-gap-default\">\n\t\t\t\t\t<div class=\"elementor-column elementor-col-100 elementor-inner-column elementor-element elementor-element-70822ba\" data-id=\"70822ba\" data-element_type=\"column\">\n\t\t\t<div class=\"elementor-widget-wrap elementor-element-populated\">\n\t\t\t\t\t\t<div class=\"elementor-element elementor-element-1a42360 elementor-widget elementor-widget-text-editor\" data-id=\"1a42360\" data-element_type=\"widget\" data-widget_type=\"text-editor.default\">\n\t\t\t\t<div class=\"elementor-widget-container\">\n\t\t\t\t\t\t\t\t\t<ol><li><p><strong>Para \u0130adeleri i\u00e7in Para Birimi ve Hesap<\/strong>: Para iadeleri ayn\u0131 para biriminde ve paran\u0131n ilk yat\u0131r\u0131ld\u0131\u011f\u0131 hesaba veya kredi kart\u0131na yap\u0131lacakt\u0131r. Bir m\u00fc\u015fteri banka havalesi iadesi i\u00e7in gerekli banka bilgilerini 5 i\u015f g\u00fcn\u00fc i\u00e7inde sa\u011flamazsa, \u015eirket iade talebini iptal edebilir. M\u00fc\u015fterinin bankas\u0131ndan al\u0131nan gerekli resmi belge \u015funlar\u0131 i\u00e7ermelidir:<\/p><ul><li>IBAN\/hesap numaras\u0131<\/li><li>SWIFT\/BIC<\/li><li>Y\u00f6nlendirme numaras\u0131 (varsa)<\/li><li>M\u00fc\u015fteri ad\u0131<\/li><li>Banka ad\u0131 ve adresi<\/li><\/ul><\/li><li><p><strong>\u0130\u015flem \u00dccretleri<\/strong>: \u015eirket, yat\u0131r\u0131m hesaplar\u0131na para yat\u0131rma ve geri \u00f6demeler i\u00e7in elektronik transfer masraflar\u0131n\u0131 da i\u00e7eren bir komisyon uygulayabilir. \u00dccretler her bir banka transferi i\u00e7in 25 ila 50 Avro aras\u0131nda de\u011fi\u015fecek ve bu \u00fccretler toplam transfer tutar\u0131ndan d\u00fc\u015f\u00fclecektir.<\/p><\/li><li><p><strong>Geri \u00d6deme Taleplerinin \u0130letilmesi<\/strong>: T\u00fcm iade talepleri \u015eirketin web sitesi \u00fczerinden iletilmelidir; ba\u015fka yollarla iletilen talepler i\u015fleme al\u0131nmayacakt\u0131r.<\/p><\/li><li><p><strong>Para \u0130adeleri i\u00e7in \u0130\u015flem S\u00fcresi<\/strong>: Ge\u00e7erli bir iade talebi \u00fczerine \u015eirket, m\u00fc\u015fterinin \u015eirket taraf\u0131ndan belirlenen Teminat \u015fartlar\u0131n\u0131 kar\u015f\u0131lad\u0131\u011f\u0131n\u0131 teyit ettikten sonra yedi (7) i\u015f g\u00fcn\u00fc i\u00e7inde talep edilen tutar\u0131 (t\u00fcm transfer masraflar\u0131 hari\u00e7) transfer edecektir.<\/p><\/li><li><p><strong>\u0130ade Taleplerini \u0130ptal Etme Ko\u015fullar\u0131<\/strong>: \u015eirket, a\u015fa\u011f\u0131daki durumlarda kendi takdirine ba\u011fl\u0131 olarak bir iade talebini iptal edebilir:<\/p><ul><li>Geri \u00f6demeden sonra kalan bakiye, ticari hesaptaki a\u00e7\u0131k i\u015flemleri kar\u015f\u0131lamak i\u00e7in yeterli de\u011fildir.<\/li><li>M\u00fc\u015fteri \u015eirket taraf\u0131ndan do\u011frulanmaz. Do\u011frulama, a\u015fa\u011f\u0131dakiler dahil olmak \u00fczere eksiksiz KYC belgelerinin sunulmas\u0131n\u0131 gerektirir:<ul><li>Kimlik kart\u0131<\/li><li>Adres kan\u0131t\u0131<\/li><li>\u00d6deme belgesi (kart\u0131n son 4 hanesini, son kullanma tarihini ve kart sahibinin ad\u0131n\u0131 g\u00f6steren \u00f6n kopyas\u0131; son 4 hanesini ve imzas\u0131n\u0131 g\u00f6steren arka kopyas\u0131)<\/li><\/ul><\/li><li>M\u00fc\u015fteri, varsa her bir mevduat i\u015flemi ve ilgili bonus plan\u0131\/anla\u015fmas\u0131 i\u00e7in yaz\u0131l\u0131 ve imzal\u0131 mevduat ekstreleri sunmam\u0131\u015ft\u0131r.<\/li><li>Gerekli imzal\u0131 belgelerin 5 i\u015f g\u00fcn\u00fc i\u00e7inde teslim edilmemesi.<\/li><\/ul><\/li><li><p><strong>Para \u0130adesi i\u00e7in \u0130stisnai Durumlar<\/strong>: \u00d6zel durumlarda, a\u015fa\u011f\u0131daki durumlarda para iadeleri orijinal karta yap\u0131labilir:<\/p><ul><li>M\u00fc\u015fteri, bir kart i\u015fleminden sonraki 14 i\u015f g\u00fcn\u00fc i\u00e7inde do\u011frulanmam\u0131\u015ft\u0131r.<\/li><li>\u015eirket, \u00fc\u00e7\u00fcnc\u00fc bir taraf\u00e7a yap\u0131lan bir i\u015flemi tan\u0131mlar.<\/li><li>\u015eirket, m\u00fc\u015fterinin Kabul Edilen M\u00fc\u015fteri s\u00f6zle\u015fmesini ihlal etti\u011fini tespit eder.<\/li><\/ul><\/li><li><p><strong>Kart \u0130adeleri Komisyonu<\/strong>: \u015eirket, kart iadelerinden herhangi bir komisyon almamaktad\u0131r.<\/p><\/li><\/ol><h3>\u00d6nemli Notlar<\/h3><ul><li>\u0130ade taleplerinin iptal edilmesini \u00f6nlemek i\u00e7in t\u00fcm belgelerin do\u011fru oldu\u011fundan ve zaman\u0131nda g\u00f6nderildi\u011finden emin olun.<\/li><li>Her zaman iade taleplerini ba\u015flat\u0131n\u00a0<\/li><\/ul>\t\t\t\t\t\t\t\t<\/div>\n\t\t\t\t<\/div>\n\t\t\t\t\t<\/div>\n\t\t<\/div>\n\t\t\t\t\t<\/div>\n\t\t<\/section>\n\t\t\t\t\t<\/div>\n\t\t<\/div>\n\t\t\t\t\t<\/div>\n\t\t<\/section>\n\t\t\t\t<\/div>","protected":false},"excerpt":{"rendered":"<p>Refund Policy Currency and Account for Refunds: Refunds will be issued in the same currency and to the same account or credit [&hellip;]<\/p>","protected":false},"author":2,"featured_media":0,"parent":0,"menu_order":0,"comment_status":"closed","ping_status":"closed","template":"","meta":{"nf_dc_page":"","_monsterinsights_skip_tracking":false,"_monsterinsights_sitenote_active":false,"_monsterinsights_sitenote_note":"","_monsterinsights_sitenote_category":0,"footnotes":""},"class_list":["post-1133","page","type-page","status-publish","hentry"],"_links":{"self":[{"href":"https:\/\/capitalbalatro.com\/tr\/wp-json\/wp\/v2\/pages\/1133"}],"collection":[{"href":"https:\/\/capitalbalatro.com\/tr\/wp-json\/wp\/v2\/pages"}],"about":[{"href":"https:\/\/capitalbalatro.com\/tr\/wp-json\/wp\/v2\/types\/page"}],"author":[{"embeddable":true,"href":"https:\/\/capitalbalatro.com\/tr\/wp-json\/wp\/v2\/users\/2"}],"replies":[{"embeddable":true,"href":"https:\/\/capitalbalatro.com\/tr\/wp-json\/wp\/v2\/comments?post=1133"}],"version-history":[{"count":14,"href":"https:\/\/capitalbalatro.com\/tr\/wp-json\/wp\/v2\/pages\/1133\/revisions"}],"predecessor-version":[{"id":2153,"href":"https:\/\/capitalbalatro.com\/tr\/wp-json\/wp\/v2\/pages\/1133\/revisions\/2153"}],"wp:attachment":[{"href":"https:\/\/capitalbalatro.com\/tr\/wp-json\/wp\/v2\/media?parent=1133"}],"curies":[{"name":"wp","href":"https:\/\/api.w.org\/{rel}","templated":true}]}}