{"id":1051,"date":"2024-02-21T13:09:47","date_gmt":"2024-02-21T13:09:47","guid":{"rendered":"https:\/\/capitalbalatro.com\/?page_id=1051"},"modified":"2024-11-01T09:36:24","modified_gmt":"2024-11-01T09:36:24","slug":"mission-and-principles","status":"publish","type":"page","link":"https:\/\/capitalbalatro.com\/tr\/mission-and-principles\/","title":{"rendered":"Misyon ve Prensipler"},"content":{"rendered":"<div data-elementor-type=\"wp-page\" data-elementor-id=\"1051\" class=\"elementor elementor-1051\" data-elementor-post-type=\"page\">\n\t\t\t\t\t\t<section class=\"elementor-section elementor-top-section elementor-element elementor-element-06f8425 elementor-section-boxed elementor-section-height-default elementor-section-height-default\" data-id=\"06f8425\" data-element_type=\"section\" data-settings=\"{&quot;background_background&quot;:&quot;classic&quot;}\">\n\t\t\t\t\t\t\t<div class=\"elementor-background-overlay\"><\/div>\n\t\t\t\t\t\t\t<div class=\"elementor-container elementor-column-gap-default\">\n\t\t\t\t\t<div class=\"elementor-column elementor-col-100 elementor-top-column elementor-element elementor-element-fae1ccc\" data-id=\"fae1ccc\" data-element_type=\"column\">\n\t\t\t<div class=\"elementor-widget-wrap elementor-element-populated\">\n\t\t\t\t\t\t<div class=\"elementor-element elementor-element-a2193e3 elementor-widget elementor-widget-spacer\" data-id=\"a2193e3\" data-element_type=\"widget\" data-widget_type=\"spacer.default\">\n\t\t\t\t<div class=\"elementor-widget-container\">\n\t\t\t\t\t\t\t<div class=\"elementor-spacer\">\n\t\t\t<div class=\"elementor-spacer-inner\"><\/div>\n\t\t<\/div>\n\t\t\t\t\t\t<\/div>\n\t\t\t\t<\/div>\n\t\t\t\t<div class=\"elementor-element elementor-element-cd42044 elementor-widget elementor-widget-spacer\" data-id=\"cd42044\" data-element_type=\"widget\" data-widget_type=\"spacer.default\">\n\t\t\t\t<div class=\"elementor-widget-container\">\n\t\t\t\t\t\t\t<div class=\"elementor-spacer\">\n\t\t\t<div class=\"elementor-spacer-inner\"><\/div>\n\t\t<\/div>\n\t\t\t\t\t\t<\/div>\n\t\t\t\t<\/div>\n\t\t\t\t\t<\/div>\n\t\t<\/div>\n\t\t\t\t\t<\/div>\n\t\t<\/section>\n\t\t\t\t<div class=\"elementor-section elementor-top-section elementor-element elementor-element-7bb9d166 elementor-section-boxed elementor-section-height-default elementor-section-height-default\" data-id=\"7bb9d166\" data-element_type=\"section\" data-settings=\"{&quot;background_background&quot;:&quot;classic&quot;}\">\n\t\t\t\t\t\t<div class=\"elementor-container elementor-column-gap-default\">\n\t\t\t\t\t<div class=\"elementor-column elementor-col-100 elementor-top-column elementor-element elementor-element-3fea9c85\" data-id=\"3fea9c85\" data-element_type=\"column\" data-settings=\"{&quot;background_background&quot;:&quot;classic&quot;}\">\n\t\t\t<div class=\"elementor-widget-wrap elementor-element-populated\">\n\t\t\t\t\t\t<div class=\"elementor-element elementor-element-6a96c5f9 elementor-widget__width-auto elementor-widget elementor-widget-heading\" data-id=\"6a96c5f9\" data-element_type=\"widget\" data-widget_type=\"heading.default\">\n\t\t\t\t<div class=\"elementor-widget-container\">\n\t\t\t\t\t<h5 class=\"elementor-heading-title elementor-size-default\">Sizin \u0130\u00e7in Ne Yapabiliriz\u2728<\/h5>\t\t\t\t<\/div>\n\t\t\t\t<\/div>\n\t\t\t\t<div class=\"elementor-element elementor-element-108596ed elementor-widget elementor-widget-spacer\" data-id=\"108596ed\" data-element_type=\"widget\" data-widget_type=\"spacer.default\">\n\t\t\t\t<div class=\"elementor-widget-container\">\n\t\t\t\t\t\t\t<div class=\"elementor-spacer\">\n\t\t\t<div class=\"elementor-spacer-inner\"><\/div>\n\t\t<\/div>\n\t\t\t\t\t\t<\/div>\n\t\t\t\t<\/div>\n\t\t\t\t<div class=\"elementor-element elementor-element-28011c1 elementor-widget elementor-widget-heading\" data-id=\"28011c1\" data-element_type=\"widget\" data-widget_type=\"heading.default\">\n\t\t\t\t<div class=\"elementor-widget-container\">\n\t\t\t\t\t<h2 class=\"elementor-heading-title elementor-size-default\">Misyon ve Prensipler<\/h2>\t\t\t\t<\/div>\n\t\t\t\t<\/div>\n\t\t\t\t\t<\/div>\n\t\t<\/div>\n\t\t\t\t\t<\/div>\n\t\t<\/div>\n\t\t\t\t<div class=\"elementor-section elementor-top-section elementor-element elementor-element-251327b1 elementor-section-boxed elementor-section-height-default elementor-section-height-default\" data-id=\"251327b1\" data-element_type=\"section\" data-settings=\"{&quot;background_background&quot;:&quot;classic&quot;}\">\n\t\t\t\t\t\t\t<div class=\"elementor-background-overlay\"><\/div>\n\t\t\t\t\t\t\t<div class=\"elementor-container elementor-column-gap-default\">\n\t\t\t\t\t<div class=\"elementor-column elementor-col-100 elementor-top-column elementor-element elementor-element-3f1db94e\" data-id=\"3f1db94e\" data-element_type=\"column\">\n\t\t\t<div class=\"elementor-widget-wrap elementor-element-populated\">\n\t\t\t\t\t\t<section class=\"elementor-section elementor-inner-section elementor-element elementor-element-9549b0c elementor-section-boxed elementor-section-height-default elementor-section-height-default\" data-id=\"9549b0c\" data-element_type=\"section\">\n\t\t\t\t\t\t<div class=\"elementor-container elementor-column-gap-default\">\n\t\t\t\t\t<div class=\"elementor-column elementor-col-50 elementor-inner-column elementor-element elementor-element-52dfbf1\" data-id=\"52dfbf1\" data-element_type=\"column\">\n\t\t\t<div class=\"elementor-widget-wrap elementor-element-populated\">\n\t\t\t\t\t\t<div class=\"elementor-element elementor-element-333f5c8 elementor-widget elementor-widget-image\" data-id=\"333f5c8\" data-element_type=\"widget\" data-widget_type=\"image.default\">\n\t\t\t\t<div class=\"elementor-widget-container\">\n\t\t\t\t\t\t\t\t\t\t\t\t\t\t\t<img fetchpriority=\"high\" decoding=\"async\" width=\"884\" height=\"589\" src=\"https:\/\/capitalbalatro.com\/wp-content\/uploads\/2024\/06\/11111.jpg\" class=\"attachment-large size-large wp-image-1866\" alt=\"\" srcset=\"https:\/\/capitalbalatro.com\/wp-content\/uploads\/2024\/06\/11111.jpg 884w, https:\/\/capitalbalatro.com\/wp-content\/uploads\/2024\/06\/11111-300x200.jpg 300w, https:\/\/capitalbalatro.com\/wp-content\/uploads\/2024\/06\/11111-768x512.jpg 768w, https:\/\/capitalbalatro.com\/wp-content\/uploads\/2024\/06\/11111-18x12.jpg 18w, https:\/\/capitalbalatro.com\/wp-content\/uploads\/2024\/06\/11111-650x433.jpg 650w\" sizes=\"(max-width: 884px) 100vw, 884px\" \/>\t\t\t\t\t\t\t\t\t\t\t\t\t\t\t<\/div>\n\t\t\t\t<\/div>\n\t\t\t\t\t<\/div>\n\t\t<\/div>\n\t\t\t\t<div class=\"elementor-column elementor-col-50 elementor-inner-column elementor-element elementor-element-a487168\" data-id=\"a487168\" data-element_type=\"column\">\n\t\t\t<div class=\"elementor-widget-wrap elementor-element-populated\">\n\t\t\t\t\t\t<div class=\"elementor-element elementor-element-5981524 elementor-widget elementor-widget-heading\" data-id=\"5981524\" data-element_type=\"widget\" data-widget_type=\"heading.default\">\n\t\t\t\t<div class=\"elementor-widget-container\">\n\t\t\t\t\t<h3 class=\"elementor-heading-title elementor-size-default\">NE I\u0307\u00c7I\u0307N DURUYORUZ<\/h3>\t\t\t\t<\/div>\n\t\t\t\t<\/div>\n\t\t\t\t<div class=\"elementor-element elementor-element-16d595f elementor-widget elementor-widget-text-editor\" data-id=\"16d595f\" data-element_type=\"widget\" data-widget_type=\"text-editor.default\">\n\t\t\t\t<div class=\"elementor-widget-container\">\n\t\t\t\t\t\t\t\t\t<p>Balatro ile yat\u0131r\u0131m yaparak finansal gelece\u011finizi g\u00fcvence alt\u0131na al\u0131n. Bilgili finans uzmanlar\u0131 ve yetenekli t\u00fcccarlardan olu\u015fan ekibimiz, yat\u0131r\u0131m stratejilerini y\u00f6nlendirmek i\u00e7in en son yapay zeka yaz\u0131l\u0131mlar\u0131ndan yararlan\u0131r. Yat\u0131r\u0131m portf\u00f6y\u00fcm\u00fcz\u00fc \u00e7e\u015fitlendirerek ve geli\u015fmi\u015f ticaret teknolojilerini kullanarak g\u00fcvenlik ve istikrar\u0131 vurguluyoruz. Finansal hedeflerinize ula\u015fman\u0131zda size destek olmak i\u00e7in bize g\u00fcvenin.<\/p>\t\t\t\t\t\t\t\t<\/div>\n\t\t\t\t<\/div>\n\t\t\t\t<div class=\"elementor-element elementor-element-62e138d elementor-widget elementor-widget-heading\" data-id=\"62e138d\" data-element_type=\"widget\" data-widget_type=\"heading.default\">\n\t\t\t\t<div class=\"elementor-widget-container\">\n\t\t\t\t\t<h3 class=\"elementor-heading-title elementor-size-default\">BIZ BIR K\u00dcRAT\u00d6R\u00dcZ<\/h3>\t\t\t\t<\/div>\n\t\t\t\t<\/div>\n\t\t\t\t<div class=\"elementor-element elementor-element-8b26905 elementor-widget elementor-widget-text-editor\" data-id=\"8b26905\" data-element_type=\"widget\" data-widget_type=\"text-editor.default\">\n\t\t\t\t<div class=\"elementor-widget-container\">\n\t\t\t\t\t\t\t\t\t<p>\u00d6z\u00fcnde, sizin hedefleriniz bizim hedeflerimiz haline gelir. Ald\u0131\u011f\u0131m\u0131z her kararda sizin \u00e7\u0131karlar\u0131n\u0131z\u0131, \u00f6nceliklerinizi ve yat\u0131r\u0131m hedeflerinizi savunuyoruz.<\/p>\t\t\t\t\t\t\t\t<\/div>\n\t\t\t\t<\/div>\n\t\t\t\t\t<\/div>\n\t\t<\/div>\n\t\t\t\t\t<\/div>\n\t\t<\/section>\n\t\t\t\t<div class=\"elementor-element elementor-element-b151674 elementor-widget elementor-widget-spacer\" data-id=\"b151674\" data-element_type=\"widget\" data-widget_type=\"spacer.default\">\n\t\t\t\t<div class=\"elementor-widget-container\">\n\t\t\t\t\t\t\t<div class=\"elementor-spacer\">\n\t\t\t<div class=\"elementor-spacer-inner\"><\/div>\n\t\t<\/div>\n\t\t\t\t\t\t<\/div>\n\t\t\t\t<\/div>\n\t\t\t\t<section class=\"elementor-section elementor-inner-section elementor-element elementor-element-41df9a31 elementor-section-boxed elementor-section-height-default elementor-section-height-default\" data-id=\"41df9a31\" data-element_type=\"section\" data-settings=\"{&quot;background_background&quot;:&quot;classic&quot;}\">\n\t\t\t\t\t\t\t<div class=\"elementor-background-overlay\"><\/div>\n\t\t\t\t\t\t\t<div class=\"elementor-container elementor-column-gap-default\">\n\t\t\t\t\t<div class=\"elementor-column elementor-col-33 elementor-inner-column elementor-element elementor-element-6f619b94 elementor-invisible\" data-id=\"6f619b94\" data-element_type=\"column\" data-settings=\"{&quot;background_background&quot;:&quot;classic&quot;,&quot;animation&quot;:&quot;fadeInUp&quot;}\">\n\t\t\t<div class=\"elementor-widget-wrap elementor-element-populated\">\n\t\t\t\t\t\t<div class=\"elementor-element elementor-element-63a8ea77 elementor-view-default elementor-widget elementor-widget-icon\" data-id=\"63a8ea77\" data-element_type=\"widget\" data-widget_type=\"icon.default\">\n\t\t\t\t<div class=\"elementor-widget-container\">\n\t\t\t\t\t\t\t<div class=\"elementor-icon-wrapper\">\n\t\t\t<div class=\"elementor-icon\">\n\t\t\t<i aria-hidden=\"true\" class=\"ti ti-minus\"><\/i>\t\t\t<\/div>\n\t\t<\/div>\n\t\t\t\t\t\t<\/div>\n\t\t\t\t<\/div>\n\t\t\t\t<div class=\"elementor-element elementor-element-4dab80a8 elementor-widget elementor-widget-image\" data-id=\"4dab80a8\" data-element_type=\"widget\" data-widget_type=\"image.default\">\n\t\t\t\t<div class=\"elementor-widget-container\">\n\t\t\t\t\t\t\t\t\t\t\t\t\t\t\t<img decoding=\"async\" width=\"280\" height=\"300\" src=\"https:\/\/capitalbalatro.com\/wp-content\/uploads\/2024\/05\/icon-01-280x300.png\" class=\"attachment-medium size-medium wp-image-1614\" alt=\"\" srcset=\"https:\/\/capitalbalatro.com\/wp-content\/uploads\/2024\/05\/icon-01-280x300.png 280w, https:\/\/capitalbalatro.com\/wp-content\/uploads\/2024\/05\/icon-01-11x12.png 11w, https:\/\/capitalbalatro.com\/wp-content\/uploads\/2024\/05\/icon-01.png 500w\" sizes=\"(max-width: 280px) 100vw, 280px\" \/>\t\t\t\t\t\t\t\t\t\t\t\t\t\t\t<\/div>\n\t\t\t\t<\/div>\n\t\t\t\t<div class=\"elementor-element elementor-element-fdafc02 elementor-widget elementor-widget-heading\" data-id=\"fdafc02\" data-element_type=\"widget\" data-widget_type=\"heading.default\">\n\t\t\t\t<div class=\"elementor-widget-container\">\n\t\t\t\t\t<h4 class=\"elementor-heading-title elementor-size-default\">PERFORMANSA TUTKUYLA BA\u011eLIYIZ<\/h4>\t\t\t\t<\/div>\n\t\t\t\t<\/div>\n\t\t\t\t<div class=\"elementor-element elementor-element-77e3ab7 elementor-widget elementor-widget-text-editor\" data-id=\"77e3ab7\" data-element_type=\"widget\" data-widget_type=\"text-editor.default\">\n\t\t\t\t<div class=\"elementor-widget-container\">\n\t\t\t\t\t\t\t\t\t<p>\u0130\u015fimizin her y\u00f6n\u00fc \u00fczerinde duygusal bir sahiplenme duygusunu benimsiyor, alan\u0131m\u0131zdaki derin uzmanl\u0131\u011fa de\u011fer veriyor ve durmak bilmeyen bir \u00f6\u011frenme arzusunu s\u00fcrd\u00fcr\u00fcyoruz.<\/p>\t\t\t\t\t\t\t\t<\/div>\n\t\t\t\t<\/div>\n\t\t\t\t\t<\/div>\n\t\t<\/div>\n\t\t\t\t<div class=\"elementor-column elementor-col-33 elementor-inner-column elementor-element elementor-element-d0f3a54 elementor-invisible\" data-id=\"d0f3a54\" data-element_type=\"column\" data-settings=\"{&quot;background_background&quot;:&quot;classic&quot;,&quot;animation&quot;:&quot;fadeInUp&quot;}\">\n\t\t\t<div class=\"elementor-widget-wrap elementor-element-populated\">\n\t\t\t\t\t\t<div class=\"elementor-element elementor-element-9bf591e elementor-view-default elementor-widget elementor-widget-icon\" data-id=\"9bf591e\" data-element_type=\"widget\" data-widget_type=\"icon.default\">\n\t\t\t\t<div class=\"elementor-widget-container\">\n\t\t\t\t\t\t\t<div class=\"elementor-icon-wrapper\">\n\t\t\t<div class=\"elementor-icon\">\n\t\t\t<i aria-hidden=\"true\" class=\"ti ti-minus\"><\/i>\t\t\t<\/div>\n\t\t<\/div>\n\t\t\t\t\t\t<\/div>\n\t\t\t\t<\/div>\n\t\t\t\t<div class=\"elementor-element elementor-element-7289575d elementor-widget elementor-widget-image\" data-id=\"7289575d\" data-element_type=\"widget\" data-widget_type=\"image.default\">\n\t\t\t\t<div class=\"elementor-widget-container\">\n\t\t\t\t\t\t\t\t\t\t\t\t\t\t\t\t<a href=\"#\">\n\t\t\t\t\t\t\t<img decoding=\"async\" width=\"271\" height=\"300\" src=\"https:\/\/capitalbalatro.com\/wp-content\/uploads\/2024\/05\/icon-02-271x300.png\" class=\"attachment-medium size-medium wp-image-1615\" alt=\"\" srcset=\"https:\/\/capitalbalatro.com\/wp-content\/uploads\/2024\/05\/icon-02-271x300.png 271w, https:\/\/capitalbalatro.com\/wp-content\/uploads\/2024\/05\/icon-02-11x12.png 11w, https:\/\/capitalbalatro.com\/wp-content\/uploads\/2024\/05\/icon-02.png 500w\" sizes=\"(max-width: 271px) 100vw, 271px\" \/>\t\t\t\t\t\t\t\t<\/a>\n\t\t\t\t\t\t\t\t\t\t\t\t\t\t\t<\/div>\n\t\t\t\t<\/div>\n\t\t\t\t<div class=\"elementor-element elementor-element-0d4ad5e elementor-widget elementor-widget-heading\" data-id=\"0d4ad5e\" data-element_type=\"widget\" data-widget_type=\"heading.default\">\n\t\t\t\t<div class=\"elementor-widget-container\">\n\t\t\t\t\t<h4 class=\"elementor-heading-title elementor-size-default\">B\u0130Z \nBalatro EVOLUTION<\/h4>\t\t\t\t<\/div>\n\t\t\t\t<\/div>\n\t\t\t\t<div class=\"elementor-element elementor-element-2f2f899 elementor-widget elementor-widget-text-editor\" data-id=\"2f2f899\" data-element_type=\"widget\" data-widget_type=\"text-editor.default\">\n\t\t\t\t<div class=\"elementor-widget-container\">\n\t\t\t\t\t\t\t\t\t<p>Tek ba\u015f\u0131na \u00e7al\u0131\u015fman\u0131n en y\u00fcksek kalitede \u00e7\u0131kt\u0131 elde etmemizi sa\u011flamayaca\u011f\u0131n\u0131n fark\u0131nday\u0131z. Farkl\u0131 ekiplerimiz aras\u0131nda s\u00fcregelen i\u015fbirli\u011finden do\u011fan \u00e7\u00f6z\u00fcmlerle gurur duyuyoruz.<\/p>\t\t\t\t\t\t\t\t<\/div>\n\t\t\t\t<\/div>\n\t\t\t\t\t<\/div>\n\t\t<\/div>\n\t\t\t\t<div class=\"elementor-column elementor-col-33 elementor-inner-column elementor-element elementor-element-8d33ee3 elementor-invisible\" data-id=\"8d33ee3\" data-element_type=\"column\" data-settings=\"{&quot;background_background&quot;:&quot;classic&quot;,&quot;animation&quot;:&quot;fadeInUp&quot;}\">\n\t\t\t<div class=\"elementor-widget-wrap elementor-element-populated\">\n\t\t\t\t\t\t<div class=\"elementor-element elementor-element-a36f68c elementor-view-default elementor-widget elementor-widget-icon\" data-id=\"a36f68c\" data-element_type=\"widget\" data-widget_type=\"icon.default\">\n\t\t\t\t<div class=\"elementor-widget-container\">\n\t\t\t\t\t\t\t<div class=\"elementor-icon-wrapper\">\n\t\t\t<div class=\"elementor-icon\">\n\t\t\t<i aria-hidden=\"true\" class=\"ti ti-minus\"><\/i>\t\t\t<\/div>\n\t\t<\/div>\n\t\t\t\t\t\t<\/div>\n\t\t\t\t<\/div>\n\t\t\t\t<div class=\"elementor-element elementor-element-7d09b941 elementor-widget elementor-widget-image\" data-id=\"7d09b941\" data-element_type=\"widget\" data-widget_type=\"image.default\">\n\t\t\t\t<div class=\"elementor-widget-container\">\n\t\t\t\t\t\t\t\t\t\t\t\t\t\t\t\t<a href=\"#\">\n\t\t\t\t\t\t\t<img loading=\"lazy\" decoding=\"async\" width=\"265\" height=\"300\" src=\"https:\/\/capitalbalatro.com\/wp-content\/uploads\/2024\/05\/icon-03-265x300.png\" class=\"attachment-medium size-medium wp-image-1616\" alt=\"\" srcset=\"https:\/\/capitalbalatro.com\/wp-content\/uploads\/2024\/05\/icon-03-265x300.png 265w, https:\/\/capitalbalatro.com\/wp-content\/uploads\/2024\/05\/icon-03-11x12.png 11w, https:\/\/capitalbalatro.com\/wp-content\/uploads\/2024\/05\/icon-03.png 500w\" sizes=\"(max-width: 265px) 100vw, 265px\" \/>\t\t\t\t\t\t\t\t<\/a>\n\t\t\t\t\t\t\t\t\t\t\t\t\t\t\t<\/div>\n\t\t\t\t<\/div>\n\t\t\t\t<div class=\"elementor-element elementor-element-922da0f elementor-widget elementor-widget-heading\" data-id=\"922da0f\" data-element_type=\"widget\" data-widget_type=\"heading.default\">\n\t\t\t\t<div class=\"elementor-widget-container\">\n\t\t\t\t\t<h4 class=\"elementor-heading-title elementor-size-default\">BI\u0307ZLER YENI\u0307LI\u0307K\u00c7I\u0307YI\u0307Z<\/h4>\t\t\t\t<\/div>\n\t\t\t\t<\/div>\n\t\t\t\t<div class=\"elementor-element elementor-element-f57a5f2 elementor-widget elementor-widget-text-editor\" data-id=\"f57a5f2\" data-element_type=\"widget\" data-widget_type=\"text-editor.default\">\n\t\t\t\t<div class=\"elementor-widget-container\">\n\t\t\t\t\t\t\t\t\t<p>Kapsaml\u0131 inovasyon ge\u00e7mi\u015fimiz ve yat\u0131r\u0131mc\u0131lar\u0131n hedeflerine ula\u015fmalar\u0131na yard\u0131mc\u0131 olmak i\u00e7in s\u00fcrekli de\u011fi\u015fime olan ba\u011fl\u0131l\u0131\u011f\u0131m\u0131zla gurur duyuyoruz. Bu yenilik\u00e7ilik k\u00fclt\u00fcr\u00fc ba\u015far\u0131m\u0131z\u0131n temel ta\u015f\u0131 olmu\u015ftur ve olmaya devam etmektedir.<\/p>\t\t\t\t\t\t\t\t<\/div>\n\t\t\t\t<\/div>\n\t\t\t\t\t<\/div>\n\t\t<\/div>\n\t\t\t\t\t<\/div>\n\t\t<\/section>\n\t\t\t\t\t<\/div>\n\t\t<\/div>\n\t\t\t\t\t<\/div>\n\t\t<\/div>\n\t\t\t\t<\/div>","protected":false},"excerpt":{"rendered":"<p>What We Can Do For You\u2728 Mission and Principles WHAT WE STAND FOR Secure your financial future by investing with Balatro. Our [&hellip;]<\/p>","protected":false},"author":2,"featured_media":0,"parent":0,"menu_order":0,"comment_status":"closed","ping_status":"closed","template":"","meta":{"nf_dc_page":"","_monsterinsights_skip_tracking":false,"_monsterinsights_sitenote_active":false,"_monsterinsights_sitenote_note":"","_monsterinsights_sitenote_category":0,"footnotes":""},"class_list":["post-1051","page","type-page","status-publish","hentry"],"_links":{"self":[{"href":"https:\/\/capitalbalatro.com\/tr\/wp-json\/wp\/v2\/pages\/1051"}],"collection":[{"href":"https:\/\/capitalbalatro.com\/tr\/wp-json\/wp\/v2\/pages"}],"about":[{"href":"https:\/\/capitalbalatro.com\/tr\/wp-json\/wp\/v2\/types\/page"}],"author":[{"embeddable":true,"href":"https:\/\/capitalbalatro.com\/tr\/wp-json\/wp\/v2\/users\/2"}],"replies":[{"embeddable":true,"href":"https:\/\/capitalbalatro.com\/tr\/wp-json\/wp\/v2\/comments?post=1051"}],"version-history":[{"count":8,"href":"https:\/\/capitalbalatro.com\/tr\/wp-json\/wp\/v2\/pages\/1051\/revisions"}],"predecessor-version":[{"id":2135,"href":"https:\/\/capitalbalatro.com\/tr\/wp-json\/wp\/v2\/pages\/1051\/revisions\/2135"}],"wp:attachment":[{"href":"https:\/\/capitalbalatro.com\/tr\/wp-json\/wp\/v2\/media?parent=1051"}],"curies":[{"name":"wp","href":"https:\/\/api.w.org\/{rel}","templated":true}]}}